{"id":234,"date":"2024-04-17T09:39:08","date_gmt":"2024-04-17T09:39:08","guid":{"rendered":"https:\/\/www.ctai.fr\/?page_id=234"},"modified":"2024-05-15T13:26:56","modified_gmt":"2024-05-15T13:26:56","slug":"codial-2","status":"publish","type":"page","link":"https:\/\/www.ctai.fr\/?page_id=234","title":{"rendered":"Editeur SAITEC &#8211; Codial"},"content":{"rendered":"\t\t<div data-elementor-type=\"wp-page\" data-elementor-id=\"234\" class=\"elementor elementor-234\" data-elementor-post-type=\"page\">\n\t\t\t\t<div class=\"elementor-element elementor-element-5cb92b9 e-flex e-con-boxed e-con e-parent\" data-id=\"5cb92b9\" data-element_type=\"container\" data-settings=\"{&quot;background_background&quot;:&quot;gradient&quot;,&quot;shape_divider_bottom&quot;:&quot;waves&quot;}\">\n\t\t\t\t\t<div class=\"e-con-inner\">\n\t\t\t\t<div class=\"elementor-shape elementor-shape-bottom\" data-negative=\"false\">\n\t\t\t<svg xmlns=\"http:\/\/www.w3.org\/2000\/svg\" viewBox=\"0 0 1000 100\" preserveAspectRatio=\"none\">\n\t<path class=\"elementor-shape-fill\" d=\"M421.9,6.5c22.6-2.5,51.5,0.4,75.5,5.3c23.6,4.9,70.9,23.5,100.5,35.7c75.8,32.2,133.7,44.5,192.6,49.7\n\tc23.6,2.1,48.7,3.5,103.4-2.5c54.7-6,106.2-25.6,106.2-25.6V0H0v30.3c0,0,72,32.6,158.4,30.5c39.2-0.7,92.8-6.7,134-22.4\n\tc21.2-8.1,52.2-18.2,79.7-24.2C399.3,7.9,411.6,7.5,421.9,6.5z\"\/>\n<\/svg>\t\t<\/div>\n\t\t\t\t<div class=\"elementor-element elementor-element-7c27211 elementor-widget elementor-widget-heading\" data-id=\"7c27211\" data-element_type=\"widget\" data-widget_type=\"heading.default\">\n\t\t\t\t<div class=\"elementor-widget-container\">\n\t\t\t<style>\/*! elementor - v3.21.0 - 26-05-2024 *\/\n.elementor-heading-title{padding:0;margin:0;line-height:1}.elementor-widget-heading .elementor-heading-title[class*=elementor-size-]>a{color:inherit;font-size:inherit;line-height:inherit}.elementor-widget-heading .elementor-heading-title.elementor-size-small{font-size:15px}.elementor-widget-heading .elementor-heading-title.elementor-size-medium{font-size:19px}.elementor-widget-heading .elementor-heading-title.elementor-size-large{font-size:29px}.elementor-widget-heading .elementor-heading-title.elementor-size-xl{font-size:39px}.elementor-widget-heading .elementor-heading-title.elementor-size-xxl{font-size:59px}<\/style><h1 class=\"elementor-heading-title elementor-size-default\">CODIAL<\/h1>\t\t<\/div>\n\t\t\t\t<\/div>\n\t\t\t\t<div class=\"elementor-element elementor-element-4827fe54 elementor-widget elementor-widget-heading\" data-id=\"4827fe54\" data-element_type=\"widget\" data-widget_type=\"heading.default\">\n\t\t\t\t<div class=\"elementor-widget-container\">\n\t\t\t<h3 class=\"elementor-heading-title elementor-size-default\">Codial\nest un logiciel de gestion d'entreprise 100% fran\u00e7ais \u00e0 destination des\nartisans, TPE, PME et PMI.\n\n\n\n<\/h3>\t\t<\/div>\n\t\t\t\t<\/div>\n\t\t\t\t\t<\/div>\n\t\t\t\t<\/div>\n\t\t<div class=\"elementor-element elementor-element-2f35a297 e-con-full e-flex e-con e-parent\" data-id=\"2f35a297\" data-element_type=\"container\" data-settings=\"{&quot;background_background&quot;:&quot;classic&quot;}\">\n\t\t\t\t<div class=\"elementor-element elementor-element-ad47100 elementor-widget elementor-widget-image\" data-id=\"ad47100\" data-element_type=\"widget\" data-widget_type=\"image.default\">\n\t\t\t\t<div class=\"elementor-widget-container\">\n\t\t\t<style>\/*! elementor - v3.21.0 - 26-05-2024 *\/\n.elementor-widget-image{text-align:center}.elementor-widget-image a{display:inline-block}.elementor-widget-image a img[src$=\".svg\"]{width:48px}.elementor-widget-image img{vertical-align:middle;display:inline-block}<\/style>\t\t\t\t\t\t\t\t\t\t\t<a href=\"https:\/\/www.codial.fr\/\" target=\"_blank\">\n\t\t\t\t\t\t\t<img fetchpriority=\"high\" decoding=\"async\" width=\"800\" height=\"437\" src=\"https:\/\/www.ctai.fr\/wp-content\/uploads\/2024\/04\/CODIAL-1024x559.jpg\" class=\"attachment-large size-large wp-image-216\" alt=\"\" srcset=\"https:\/\/www.ctai.fr\/wp-content\/uploads\/2024\/04\/CODIAL-1024x559.jpg 1024w, https:\/\/www.ctai.fr\/wp-content\/uploads\/2024\/04\/CODIAL-300x164.jpg 300w, https:\/\/www.ctai.fr\/wp-content\/uploads\/2024\/04\/CODIAL-768x419.jpg 768w, https:\/\/www.ctai.fr\/wp-content\/uploads\/2024\/04\/CODIAL.jpg 1278w\" sizes=\"(max-width: 800px) 100vw, 800px\" \/>\t\t\t\t\t\t\t\t<\/a>\n\t\t\t\t\t\t\t\t\t\t\t\t\t<\/div>\n\t\t\t\t<\/div>\n\t\t\t\t<div class=\"elementor-element elementor-element-a35328b elementor-widget elementor-widget-heading\" data-id=\"a35328b\" data-element_type=\"widget\" data-widget_type=\"heading.default\">\n\t\t\t\t<div class=\"elementor-widget-container\">\n\t\t\t<h5 class=\"elementor-heading-title elementor-size-default\">Con\u00e7u\npour accompagner la croissance des entreprises et augmenter leur rentabilit\u00e9,\nl\u2019ERP Codial propose de nombreuses fonctionnalit\u00e9s m\u00e9tiers pour\nr\u00e9pondre aux attentes sp\u00e9cifiques de 5 secteurs cl\u00e9s : B\u00e2timent, N\u00e9goce, Services, Production\n\/ Fabrication, Commerce.<\/h5>\t\t<\/div>\n\t\t\t\t<\/div>\n\t\t\t\t<div class=\"elementor-element elementor-element-56d4f4a elementor-widget elementor-widget-image\" data-id=\"56d4f4a\" data-element_type=\"widget\" data-widget_type=\"image.default\">\n\t\t\t\t<div class=\"elementor-widget-container\">\n\t\t\t\t\t\t\t\t\t\t\t\t\t<img decoding=\"async\" src=\"https:\/\/www.ctai.fr\/wp-content\/uploads\/elementor\/thumbs\/modules-codial-800x1035-2-qmu6kqvj1jxjj9mjjqdrn45i13ec4e58s7yceq5st0.png\" title=\"modules-codial-800&#215;1035-2\" alt=\"modules-codial-800x1035-2\" loading=\"lazy\" \/>\t\t\t\t\t\t\t\t\t\t\t\t\t<\/div>\n\t\t\t\t<\/div>\n\t\t\t\t<div class=\"elementor-element elementor-element-6973c51e elementor-widget__width-inherit elementor-widget elementor-widget-text-editor\" data-id=\"6973c51e\" data-element_type=\"widget\" data-widget_type=\"text-editor.default\">\n\t\t\t\t<div class=\"elementor-widget-container\">\n\t\t\t<style>\/*! elementor - v3.21.0 - 26-05-2024 *\/\n.elementor-widget-text-editor.elementor-drop-cap-view-stacked .elementor-drop-cap{background-color:#69727d;color:#fff}.elementor-widget-text-editor.elementor-drop-cap-view-framed .elementor-drop-cap{color:#69727d;border:3px solid;background-color:transparent}.elementor-widget-text-editor:not(.elementor-drop-cap-view-default) .elementor-drop-cap{margin-top:8px}.elementor-widget-text-editor:not(.elementor-drop-cap-view-default) .elementor-drop-cap-letter{width:1em;height:1em}.elementor-widget-text-editor .elementor-drop-cap{float:left;text-align:center;line-height:1;font-size:50px}.elementor-widget-text-editor .elementor-drop-cap-letter{display:inline-block}<\/style>\t\t\t\t<h6>Codial est le seul logiciel de gestion d&#8217;entreprise qui s\u2019adapte \u00e0 vos besoins mais aussi \u00e0 vos contraintes. Gr\u00e2ce \u00e0 sa souplesse et \u00e0 son haut degr\u00e9 de personnalisation, g\u00e9rer votre entreprise est un plaisir.<\/h6><h3><strong>Un large choix de fonctionnalit\u00e9s optionnelles<\/strong><\/h3><p><strong>+ de 30 modules optionnels<\/strong><strong>\u00a0s&#8217;ajoutent pour \u00e9tendre les fonctionnalit\u00e9s du logiciel de gestion Codial \u00e0\u00a0<u>vos besoins<\/u>\u00a0<\/strong>: logiciel CRM, logiciel de gestion des Interventions, logiciel de gestion des Contrats, G\u00e9olocalisation de flotte, D\u00e9cisionnel, Plan de charge, Planning, logiciel de Caisse\u2026<\/p><p><strong>Codial c\u2019est 1 seul et m\u00eame c\u0153ur logiciel pour r\u00e9pondre \u00e0 vos sp\u00e9cificit\u00e9s m\u00e9tiers d\u2019aujourd\u2019hui mais aussi et surtout de demain !<\/strong><\/p><p>Vos besoins \u00e9voluent, votre logiciel de gestion Codial saura vous accompagner.<\/p><h3><strong>Des applications Mobiles Made by Codial !<\/strong><\/h3><p><strong>Nos applications natives sont plus puissantes et plus fiables que celles d\u2019autres \u00e9diteurs. Pourquoi ?<\/strong><\/p><p>Parce qu\u2019elles sont d\u00e9velopp\u00e9es en parall\u00e8le de Codial avec une base de donn\u00e9es commune. Elles sont donc parfaitement en accord avec le fonctionnement de l\u2019ERP Codial et permettent de vous offrir plus de valeur :<\/p><p><strong>Une grande richesse fonctionnelle<\/strong>, totalement en lien avec Codial au bureau ou dans le Cloud.<\/p><p><strong>Une coh\u00e9rence graphique<\/strong>, l\u2019utilisateur retrouve l\u2019ergonomie qu\u2019il conna\u00eet et se rep\u00e8re plus facilement.<\/p><p><strong>Fini les probl\u00e8mes de version ou de mises \u00e0 jour<\/strong>\u00a0entre le logiciel et les applications<\/p>\t\t\t\t\t\t<\/div>\n\t\t\t\t<\/div>\n\t\t\t\t<\/div>\n\t\t<div class=\"elementor-element elementor-element-61c1ee6 e-flex e-con-boxed e-con e-parent\" data-id=\"61c1ee6\" data-element_type=\"container\">\n\t\t\t\t\t<div class=\"e-con-inner\">\n\t\t<div class=\"elementor-element elementor-element-9b17cfe e-con-full e-flex e-con e-child\" data-id=\"9b17cfe\" data-element_type=\"container\">\n\t\t\t\t<div class=\"elementor-element elementor-element-6f380d9 elementor-widget elementor-widget-heading\" data-id=\"6f380d9\" data-element_type=\"widget\" data-widget_type=\"heading.default\">\n\t\t\t\t<div class=\"elementor-widget-container\">\n\t\t\t<h4 class=\"elementor-heading-title elementor-size-default\"><a href=\"https:\/\/www.brick-consulting.fr\/\">Un support de qualit\u00e9 avec BRICK Consulting<\/a><\/h4>\t\t<\/div>\n\t\t\t\t<\/div>\n\t\t\t\t<div class=\"elementor-element elementor-element-9648399 elementor-widget elementor-widget-text-editor\" data-id=\"9648399\" data-element_type=\"widget\" data-widget_type=\"text-editor.default\">\n\t\t\t\t<div class=\"elementor-widget-container\">\n\t\t\t\t\t\t\t<p>Le CTAI est partenaire avec la soci\u00e9t\u00e9 BRICK Consulting, sp\u00e9cialistes depuis 10 ans dans la mise en place de la solution Codial.<\/p><p>BRICK Consulting apporte une expertise de qualit\u00e9 afin de vous accompagner dans l&#8217;int\u00e9gration de la solution en prenant en compte tous vos besoins actuels et futurs.<\/p>\t\t\t\t\t\t<\/div>\n\t\t\t\t<\/div>\n\t\t\t\t<\/div>\n\t\t<div class=\"elementor-element elementor-element-67c6a13 e-con-full e-flex e-con e-child\" data-id=\"67c6a13\" data-element_type=\"container\">\n\t\t\t\t<div class=\"elementor-element elementor-element-17dda94 elementor-widget elementor-widget-image\" data-id=\"17dda94\" data-element_type=\"widget\" data-widget_type=\"image.default\">\n\t\t\t\t<div class=\"elementor-widget-container\">\n\t\t\t\t\t\t\t\t\t\t\t\t\t\t<a href=\"https:\/\/www.brick-consulting.fr\/\" target=\"_blank\">\n\t\t\t\t\t\t\t<img decoding=\"async\" width=\"429\" height=\"162\" src=\"https:\/\/www.ctai.fr\/wp-content\/uploads\/2024\/04\/BRICKS-logo.jpg\" class=\"attachment-large size-large wp-image-214\" alt=\"\" srcset=\"https:\/\/www.ctai.fr\/wp-content\/uploads\/2024\/04\/BRICKS-logo.jpg 429w, https:\/\/www.ctai.fr\/wp-content\/uploads\/2024\/04\/BRICKS-logo-300x113.jpg 300w\" sizes=\"(max-width: 429px) 100vw, 429px\" \/>\t\t\t\t\t\t\t\t<\/a>\n\t\t\t\t\t\t\t\t\t\t\t\t\t<\/div>\n\t\t\t\t<\/div>\n\t\t\t\t<\/div>\n\t\t\t\t\t<\/div>\n\t\t\t\t<\/div>\n\t\t\t\t<\/div>\n\t\t","protected":false},"excerpt":{"rendered":"<p>CODIAL Codial est un logiciel de gestion d&#8217;entreprise 100% fran\u00e7ais \u00e0 destination des artisans, TPE, PME et PMI. Con\u00e7u pour accompagner la croissance des entreprises et augmenter leur rentabilit\u00e9, l\u2019ERP Codial propose de nombreuses fonctionnalit\u00e9s m\u00e9tiers pour r\u00e9pondre aux attentes sp\u00e9cifiques de 5 secteurs cl\u00e9s : B\u00e2timent, N\u00e9goce, Services, Production \/ Fabrication, Commerce. Codial est [&hellip;]<\/p>\n","protected":false},"author":1,"featured_media":121,"parent":0,"menu_order":0,"comment_status":"closed","ping_status":"closed","template":"elementor_header_footer","meta":{"footnotes":""},"class_list":["post-234","page","type-page","status-publish","has-post-thumbnail","hentry"],"_links":{"self":[{"href":"https:\/\/www.ctai.fr\/index.php?rest_route=\/wp\/v2\/pages\/234","targetHints":{"allow":["GET"]}}],"collection":[{"href":"https:\/\/www.ctai.fr\/index.php?rest_route=\/wp\/v2\/pages"}],"about":[{"href":"https:\/\/www.ctai.fr\/index.php?rest_route=\/wp\/v2\/types\/page"}],"author":[{"embeddable":true,"href":"https:\/\/www.ctai.fr\/index.php?rest_route=\/wp\/v2\/users\/1"}],"replies":[{"embeddable":true,"href":"https:\/\/www.ctai.fr\/index.php?rest_route=%2Fwp%2Fv2%2Fcomments&post=234"}],"version-history":[{"count":71,"href":"https:\/\/www.ctai.fr\/index.php?rest_route=\/wp\/v2\/pages\/234\/revisions"}],"predecessor-version":[{"id":1316,"href":"https:\/\/www.ctai.fr\/index.php?rest_route=\/wp\/v2\/pages\/234\/revisions\/1316"}],"wp:featuredmedia":[{"embeddable":true,"href":"https:\/\/www.ctai.fr\/index.php?rest_route=\/wp\/v2\/media\/121"}],"wp:attachment":[{"href":"https:\/\/www.ctai.fr\/index.php?rest_route=%2Fwp%2Fv2%2Fmedia&parent=234"}],"curies":[{"name":"wp","href":"https:\/\/api.w.org\/{rel}","templated":true}]}}