{"id":261,"date":"2024-04-17T12:18:32","date_gmt":"2024-04-17T12:18:32","guid":{"rendered":"https:\/\/www.ctai.fr\/?page_id=261"},"modified":"2024-05-15T13:30:50","modified_gmt":"2024-05-15T13:30:50","slug":"facturation-electronique","status":"publish","type":"page","link":"https:\/\/www.ctai.fr\/?page_id=261","title":{"rendered":"Facturation \u00e9lectronique"},"content":{"rendered":"\t\t<div data-elementor-type=\"wp-page\" data-elementor-id=\"261\" class=\"elementor elementor-261\" data-elementor-post-type=\"page\">\n\t\t\t\t<div class=\"elementor-element elementor-element-5cb92b9 e-flex e-con-boxed e-con e-parent\" data-id=\"5cb92b9\" data-element_type=\"container\" data-settings=\"{&quot;background_background&quot;:&quot;gradient&quot;,&quot;shape_divider_bottom&quot;:&quot;waves&quot;}\">\n\t\t\t\t\t<div class=\"e-con-inner\">\n\t\t\t\t<div class=\"elementor-shape elementor-shape-bottom\" data-negative=\"false\">\n\t\t\t<svg xmlns=\"http:\/\/www.w3.org\/2000\/svg\" viewBox=\"0 0 1000 100\" preserveAspectRatio=\"none\">\n\t<path class=\"elementor-shape-fill\" d=\"M421.9,6.5c22.6-2.5,51.5,0.4,75.5,5.3c23.6,4.9,70.9,23.5,100.5,35.7c75.8,32.2,133.7,44.5,192.6,49.7\n\tc23.6,2.1,48.7,3.5,103.4-2.5c54.7-6,106.2-25.6,106.2-25.6V0H0v30.3c0,0,72,32.6,158.4,30.5c39.2-0.7,92.8-6.7,134-22.4\n\tc21.2-8.1,52.2-18.2,79.7-24.2C399.3,7.9,411.6,7.5,421.9,6.5z\"\/>\n<\/svg>\t\t<\/div>\n\t\t\t\t<div class=\"elementor-element elementor-element-faffc5d elementor-widget elementor-widget-heading\" data-id=\"faffc5d\" data-element_type=\"widget\" data-widget_type=\"heading.default\">\n\t\t\t\t<div class=\"elementor-widget-container\">\n\t\t\t<style>\/*! elementor - v3.21.0 - 26-05-2024 *\/\n.elementor-heading-title{padding:0;margin:0;line-height:1}.elementor-widget-heading .elementor-heading-title[class*=elementor-size-]>a{color:inherit;font-size:inherit;line-height:inherit}.elementor-widget-heading .elementor-heading-title.elementor-size-small{font-size:15px}.elementor-widget-heading .elementor-heading-title.elementor-size-medium{font-size:19px}.elementor-widget-heading .elementor-heading-title.elementor-size-large{font-size:29px}.elementor-widget-heading .elementor-heading-title.elementor-size-xl{font-size:39px}.elementor-widget-heading .elementor-heading-title.elementor-size-xxl{font-size:59px}<\/style><h1 class=\"elementor-heading-title elementor-size-default\">Pr\u00eat pour la facture\n\u00e9lectronique ?<\/h1>\t\t<\/div>\n\t\t\t\t<\/div>\n\t\t\t\t<div class=\"elementor-element elementor-element-4827fe54 elementor-widget elementor-widget-heading\" data-id=\"4827fe54\" data-element_type=\"widget\" data-widget_type=\"heading.default\">\n\t\t\t\t<div class=\"elementor-widget-container\">\n\t\t\t<h3 class=\"elementor-heading-title elementor-size-default\">Bien que cela puisse sembler\nintimidant pour certaines entreprises, il est important de se rappeler que la\nfacturation \u00e9lectronique offre de nombreux avantages.<\/h3>\t\t<\/div>\n\t\t\t\t<\/div>\n\t\t\t\t\t<\/div>\n\t\t\t\t<\/div>\n\t\t<div class=\"elementor-element elementor-element-2f35a297 e-con-full e-flex e-con e-parent\" data-id=\"2f35a297\" data-element_type=\"container\" data-settings=\"{&quot;background_background&quot;:&quot;classic&quot;}\">\n\t\t\t\t<div class=\"elementor-element elementor-element-6973c51e elementor-widget__width-inherit elementor-widget elementor-widget-text-editor\" data-id=\"6973c51e\" data-element_type=\"widget\" data-widget_type=\"text-editor.default\">\n\t\t\t\t<div class=\"elementor-widget-container\">\n\t\t\t<style>\/*! elementor - v3.21.0 - 26-05-2024 *\/\n.elementor-widget-text-editor.elementor-drop-cap-view-stacked .elementor-drop-cap{background-color:#69727d;color:#fff}.elementor-widget-text-editor.elementor-drop-cap-view-framed .elementor-drop-cap{color:#69727d;border:3px solid;background-color:transparent}.elementor-widget-text-editor:not(.elementor-drop-cap-view-default) .elementor-drop-cap{margin-top:8px}.elementor-widget-text-editor:not(.elementor-drop-cap-view-default) .elementor-drop-cap-letter{width:1em;height:1em}.elementor-widget-text-editor .elementor-drop-cap{float:left;text-align:center;line-height:1;font-size:50px}.elementor-widget-text-editor .elementor-drop-cap-letter{display:inline-block}<\/style>\t\t\t\t<p><strong>La DGFIP a annonc\u00e9 le nouveau calendrier d&#8217;entr\u00e9e en vigueur de la facture \u00e9lectronique\u00a0:<\/strong><\/p><p><strong>1er septembre 2027\u00a0:<\/strong>g\u00e9n\u00e9ralisation de l\u2019\u00e9mission pour tous, y compris les PME et Micro-entreprise.<\/p><h3>Les b\u00e9n\u00e9fices<\/h3><ul><li style=\"text-align: left;\">Eliminez les erreurs manuelles et am\u00e9liorez la pr\u00e9cision des donn\u00e9es<\/li><li style=\"text-align: left;\">Profitez des d\u00e9lais de r\u00e9ception et de paiement plus courts<\/li><li style=\"text-align: left;\">Economisez du papier et l&#8217;espace physique pour l&#8217;archivage<\/li><li style=\"text-align: left;\">Automatisez les processus de facturation (collecte, \u00e9mission, suivi des statuts des factures)<\/li><\/ul><h3>Ce qu&#8217;il faut faire<\/h3><ul><li style=\"text-align: left;\">V\u00e9rifier les outils et comp\u00e9tences pour recevoir et traiter les factures \u00e9lectroniques (choix de plateforme PPF ou PDP, revue des param\u00e8tres TVA&#8230; )<\/li><li style=\"text-align: left;\">S&#8217;assurer que le syst\u00e8me d&#8217;information est compatible avec le format \u00e9lectronique. Inventoriez et modernisez vos solutions et processus.<\/li><li style=\"text-align: left;\">Contacter l&#8217;\u00e9diteur de logiciel de gestion pour les mises \u00e0 jour n\u00e9cessaires<\/li><li style=\"text-align: left;\">Former les employ\u00e9s \u00e0 l&#8217;utilisation des factures \u00e9lectroniques (rapprochez-vous de votre expert-comptable ou votre organisme de gestion)<\/li><\/ul>\t\t\t\t\t\t<\/div>\n\t\t\t\t<\/div>\n\t\t\t\t<div class=\"elementor-element elementor-element-ad47100 elementor-widget elementor-widget-image\" data-id=\"ad47100\" data-element_type=\"widget\" data-widget_type=\"image.default\">\n\t\t\t\t<div class=\"elementor-widget-container\">\n\t\t\t<style>\/*! elementor - v3.21.0 - 26-05-2024 *\/\n.elementor-widget-image{text-align:center}.elementor-widget-image a{display:inline-block}.elementor-widget-image a img[src$=\".svg\"]{width:48px}.elementor-widget-image img{vertical-align:middle;display:inline-block}<\/style>\t\t\t\t\t\t\t\t\t\t<img decoding=\"async\" src=\"https:\/\/www.ctai.fr\/wp-content\/uploads\/elementor\/thumbs\/001451716_896x598_c-qmudrlngad4us3dqsllriykgnq9z2lxdfvi2bkbp28.jpg\" title=\"Facturation \u00e9lectronique\" alt=\"Facturation \u00e9lectronique\" loading=\"lazy\" \/>\t\t\t\t\t\t\t\t\t\t\t\t\t<\/div>\n\t\t\t\t<\/div>\n\t\t\t\t<\/div>\n\t\t\t\t<\/div>\n\t\t","protected":false},"excerpt":{"rendered":"<p>Pr\u00eat pour la facture \u00e9lectronique ? Bien que cela puisse sembler intimidant pour certaines entreprises, il est important de se rappeler que la facturation \u00e9lectronique offre de nombreux avantages. La DGFIP a annonc\u00e9 le nouveau calendrier d&#8217;entr\u00e9e en vigueur de la facture \u00e9lectronique\u00a0: 1er septembre 2027\u00a0:g\u00e9n\u00e9ralisation de l\u2019\u00e9mission pour tous, y compris les PME et [&hellip;]<\/p>\n","protected":false},"author":1,"featured_media":121,"parent":0,"menu_order":0,"comment_status":"closed","ping_status":"closed","template":"elementor_header_footer","meta":{"footnotes":""},"class_list":["post-261","page","type-page","status-publish","has-post-thumbnail","hentry"],"_links":{"self":[{"href":"https:\/\/www.ctai.fr\/index.php?rest_route=\/wp\/v2\/pages\/261","targetHints":{"allow":["GET"]}}],"collection":[{"href":"https:\/\/www.ctai.fr\/index.php?rest_route=\/wp\/v2\/pages"}],"about":[{"href":"https:\/\/www.ctai.fr\/index.php?rest_route=\/wp\/v2\/types\/page"}],"author":[{"embeddable":true,"href":"https:\/\/www.ctai.fr\/index.php?rest_route=\/wp\/v2\/users\/1"}],"replies":[{"embeddable":true,"href":"https:\/\/www.ctai.fr\/index.php?rest_route=%2Fwp%2Fv2%2Fcomments&post=261"}],"version-history":[{"count":19,"href":"https:\/\/www.ctai.fr\/index.php?rest_route=\/wp\/v2\/pages\/261\/revisions"}],"predecessor-version":[{"id":1334,"href":"https:\/\/www.ctai.fr\/index.php?rest_route=\/wp\/v2\/pages\/261\/revisions\/1334"}],"wp:featuredmedia":[{"embeddable":true,"href":"https:\/\/www.ctai.fr\/index.php?rest_route=\/wp\/v2\/media\/121"}],"wp:attachment":[{"href":"https:\/\/www.ctai.fr\/index.php?rest_route=%2Fwp%2Fv2%2Fmedia&parent=261"}],"curies":[{"name":"wp","href":"https:\/\/api.w.org\/{rel}","templated":true}]}}