{"id":266,"date":"2024-04-17T12:23:10","date_gmt":"2024-04-17T12:23:10","guid":{"rendered":"https:\/\/www.ctai.fr\/?page_id=266"},"modified":"2024-04-22T08:44:23","modified_gmt":"2024-04-22T08:44:23","slug":"logiciels","status":"publish","type":"page","link":"https:\/\/www.ctai.fr\/?page_id=266","title":{"rendered":"Logiciels"},"content":{"rendered":"\t\t<div data-elementor-type=\"wp-page\" data-elementor-id=\"266\" class=\"elementor elementor-266\" data-elementor-post-type=\"page\">\n\t\t\t\t<div class=\"elementor-element elementor-element-3f4a269e e-flex e-con-boxed e-con e-parent\" data-id=\"3f4a269e\" data-element_type=\"container\" data-settings=\"{&quot;background_background&quot;:&quot;gradient&quot;,&quot;shape_divider_bottom&quot;:&quot;waves&quot;}\">\n\t\t\t\t\t<div class=\"e-con-inner\">\n\t\t\t\t<div class=\"elementor-shape elementor-shape-bottom\" data-negative=\"false\">\n\t\t\t<svg xmlns=\"http:\/\/www.w3.org\/2000\/svg\" viewBox=\"0 0 1000 100\" preserveAspectRatio=\"none\">\n\t<path class=\"elementor-shape-fill\" d=\"M421.9,6.5c22.6-2.5,51.5,0.4,75.5,5.3c23.6,4.9,70.9,23.5,100.5,35.7c75.8,32.2,133.7,44.5,192.6,49.7\n\tc23.6,2.1,48.7,3.5,103.4-2.5c54.7-6,106.2-25.6,106.2-25.6V0H0v30.3c0,0,72,32.6,158.4,30.5c39.2-0.7,92.8-6.7,134-22.4\n\tc21.2-8.1,52.2-18.2,79.7-24.2C399.3,7.9,411.6,7.5,421.9,6.5z\"\/>\n<\/svg>\t\t<\/div>\n\t\t\t\t<div class=\"elementor-element elementor-element-48f2191a elementor-widget elementor-widget-heading\" data-id=\"48f2191a\" data-element_type=\"widget\" data-widget_type=\"heading.default\">\n\t\t\t\t<div class=\"elementor-widget-container\">\n\t\t\t<style>\/*! elementor - v3.21.0 - 26-05-2024 *\/\n.elementor-heading-title{padding:0;margin:0;line-height:1}.elementor-widget-heading .elementor-heading-title[class*=elementor-size-]>a{color:inherit;font-size:inherit;line-height:inherit}.elementor-widget-heading .elementor-heading-title.elementor-size-small{font-size:15px}.elementor-widget-heading .elementor-heading-title.elementor-size-medium{font-size:19px}.elementor-widget-heading .elementor-heading-title.elementor-size-large{font-size:29px}.elementor-widget-heading .elementor-heading-title.elementor-size-xl{font-size:39px}.elementor-widget-heading .elementor-heading-title.elementor-size-xxl{font-size:59px}<\/style><h1 class=\"elementor-heading-title elementor-size-default\">Logiciels<\/h1>\t\t<\/div>\n\t\t\t\t<\/div>\n\t\t\t\t<div class=\"elementor-element elementor-element-95399fd elementor-widget elementor-widget-heading\" data-id=\"95399fd\" data-element_type=\"widget\" data-widget_type=\"heading.default\">\n\t\t\t\t<div class=\"elementor-widget-container\">\n\t\t\t<h2 class=\"elementor-heading-title elementor-size-default\">Vous \u00eates \u00e0 la recherche de solutions adapt\u00e9es et efficaces ?<\/h2>\t\t<\/div>\n\t\t\t\t<\/div>\n\t\t\t\t\t<\/div>\n\t\t\t\t<\/div>\n\t\t<div class=\"elementor-element elementor-element-47be7f0 e-flex e-con-boxed e-con e-parent\" data-id=\"47be7f0\" data-element_type=\"container\">\n\t\t\t\t\t<div class=\"e-con-inner\">\n\t\t\t\t<div class=\"elementor-element elementor-element-9c26218 elementor-widget elementor-widget-text-editor\" data-id=\"9c26218\" data-element_type=\"widget\" data-widget_type=\"text-editor.default\">\n\t\t\t\t<div class=\"elementor-widget-container\">\n\t\t\t<style>\/*! elementor - v3.21.0 - 26-05-2024 *\/\n.elementor-widget-text-editor.elementor-drop-cap-view-stacked .elementor-drop-cap{background-color:#69727d;color:#fff}.elementor-widget-text-editor.elementor-drop-cap-view-framed .elementor-drop-cap{color:#69727d;border:3px solid;background-color:transparent}.elementor-widget-text-editor:not(.elementor-drop-cap-view-default) .elementor-drop-cap{margin-top:8px}.elementor-widget-text-editor:not(.elementor-drop-cap-view-default) .elementor-drop-cap-letter{width:1em;height:1em}.elementor-widget-text-editor .elementor-drop-cap{float:left;text-align:center;line-height:1;font-size:50px}.elementor-widget-text-editor .elementor-drop-cap-letter{display:inline-block}<\/style>\t\t\t\t<p style=\"text-align: center;\">Le CTAI Informatique propose une gamme compl\u00e8te de logiciel de comptabilit\u00e9 et de gestion commerciale permettant de r\u00e9pondre aux besoins les plus complexes des entreprises artisanales.<\/p>\n<p style=\"text-align: center;\">Le CTAI est partenaire agr\u00e9\u00e9 SAGE PE et SAITEC Codial, 2 \u00e9diteurs de logiciels incontournables sur le march\u00e9 Fran\u00e7ais.<\/p><p style=\"text-align: center;\">Nos partenariats sont gages d&#8217;une informatisation r\u00e9ussie, effectu\u00e9e par des techniciens qualifi\u00e9s et form\u00e9s aux produits.<\/p>\n<p style=\"text-align: center;\">\n<\/p>\t\t\t\t\t\t<\/div>\n\t\t\t\t<\/div>\n\t\t\t\t\t<\/div>\n\t\t\t\t<\/div>\n\t\t<div class=\"elementor-element elementor-element-11b82dc e-flex e-con-boxed e-con e-parent\" data-id=\"11b82dc\" data-element_type=\"container\">\n\t\t\t\t\t<div class=\"e-con-inner\">\n\t\t<div class=\"elementor-element elementor-element-1fe5a92 e-con-full e-flex e-con e-child\" data-id=\"1fe5a92\" data-element_type=\"container\">\n\t\t\t\t<div class=\"elementor-element elementor-element-a9dc7a1 elementor-widget elementor-widget-image\" data-id=\"a9dc7a1\" data-element_type=\"widget\" data-widget_type=\"image.default\">\n\t\t\t\t<div class=\"elementor-widget-container\">\n\t\t\t<style>\/*! elementor - v3.21.0 - 26-05-2024 *\/\n.elementor-widget-image{text-align:center}.elementor-widget-image a{display:inline-block}.elementor-widget-image a img[src$=\".svg\"]{width:48px}.elementor-widget-image img{vertical-align:middle;display:inline-block}<\/style>\t\t\t\t\t\t\t\t\t\t\t<a href=\"https:\/\/www.ctai.fr\/?page_id=348\">\n\t\t\t\t\t\t\t<img decoding=\"async\" width=\"300\" height=\"160\" src=\"https:\/\/www.ctai.fr\/wp-content\/uploads\/2024\/04\/logo-SAGE-300x160.png\" class=\"attachment-medium size-medium wp-image-206\" alt=\"\" srcset=\"https:\/\/www.ctai.fr\/wp-content\/uploads\/2024\/04\/logo-SAGE-300x160.png 300w, https:\/\/www.ctai.fr\/wp-content\/uploads\/2024\/04\/logo-SAGE-768x410.png 768w, https:\/\/www.ctai.fr\/wp-content\/uploads\/2024\/04\/logo-SAGE.png 850w\" sizes=\"(max-width: 300px) 100vw, 300px\" \/>\t\t\t\t\t\t\t\t<\/a>\n\t\t\t\t\t\t\t\t\t\t\t\t\t<\/div>\n\t\t\t\t<\/div>\n\t\t\t\t<\/div>\n\t\t<div class=\"elementor-element elementor-element-56e308b e-con-full e-flex e-con e-child\" data-id=\"56e308b\" data-element_type=\"container\">\n\t\t\t\t<div class=\"elementor-element elementor-element-7759389 elementor-widget elementor-widget-image\" data-id=\"7759389\" data-element_type=\"widget\" data-widget_type=\"image.default\">\n\t\t\t\t<div class=\"elementor-widget-container\">\n\t\t\t\t\t\t\t\t\t\t\t\t\t\t<a href=\"https:\/\/www.ctai.fr\/?page_id=234\">\n\t\t\t\t\t\t\t<img fetchpriority=\"high\" decoding=\"async\" width=\"768\" height=\"325\" src=\"https:\/\/www.ctai.fr\/wp-content\/uploads\/2024\/04\/logo-768x325.png\" class=\"attachment-medium_large size-medium_large wp-image-239\" alt=\"\" srcset=\"https:\/\/www.ctai.fr\/wp-content\/uploads\/2024\/04\/logo-768x325.png 768w, https:\/\/www.ctai.fr\/wp-content\/uploads\/2024\/04\/logo-300x127.png 300w, https:\/\/www.ctai.fr\/wp-content\/uploads\/2024\/04\/logo-1024x434.png 1024w, https:\/\/www.ctai.fr\/wp-content\/uploads\/2024\/04\/logo.png 1181w\" sizes=\"(max-width: 768px) 100vw, 768px\" \/>\t\t\t\t\t\t\t\t<\/a>\n\t\t\t\t\t\t\t\t\t\t\t\t\t<\/div>\n\t\t\t\t<\/div>\n\t\t\t\t<\/div>\n\t\t\t\t\t<\/div>\n\t\t\t\t<\/div>\n\t\t\t\t<\/div>\n\t\t","protected":false},"excerpt":{"rendered":"<p>Logiciels Vous \u00eates \u00e0 la recherche de solutions adapt\u00e9es et efficaces ? Le CTAI Informatique propose une gamme compl\u00e8te de logiciel de comptabilit\u00e9 et de gestion commerciale permettant de r\u00e9pondre aux besoins les plus complexes des entreprises artisanales. Le CTAI est partenaire agr\u00e9\u00e9 SAGE PE et SAITEC Codial, 2 \u00e9diteurs de logiciels incontournables sur le [&hellip;]<\/p>\n","protected":false},"author":1,"featured_media":97,"parent":0,"menu_order":0,"comment_status":"closed","ping_status":"closed","template":"elementor_header_footer","meta":{"footnotes":""},"class_list":["post-266","page","type-page","status-publish","has-post-thumbnail","hentry"],"_links":{"self":[{"href":"https:\/\/www.ctai.fr\/index.php?rest_route=\/wp\/v2\/pages\/266","targetHints":{"allow":["GET"]}}],"collection":[{"href":"https:\/\/www.ctai.fr\/index.php?rest_route=\/wp\/v2\/pages"}],"about":[{"href":"https:\/\/www.ctai.fr\/index.php?rest_route=\/wp\/v2\/types\/page"}],"author":[{"embeddable":true,"href":"https:\/\/www.ctai.fr\/index.php?rest_route=\/wp\/v2\/users\/1"}],"replies":[{"embeddable":true,"href":"https:\/\/www.ctai.fr\/index.php?rest_route=%2Fwp%2Fv2%2Fcomments&post=266"}],"version-history":[{"count":16,"href":"https:\/\/www.ctai.fr\/index.php?rest_route=\/wp\/v2\/pages\/266\/revisions"}],"predecessor-version":[{"id":1004,"href":"https:\/\/www.ctai.fr\/index.php?rest_route=\/wp\/v2\/pages\/266\/revisions\/1004"}],"wp:featuredmedia":[{"embeddable":true,"href":"https:\/\/www.ctai.fr\/index.php?rest_route=\/wp\/v2\/media\/97"}],"wp:attachment":[{"href":"https:\/\/www.ctai.fr\/index.php?rest_route=%2Fwp%2Fv2%2Fmedia&parent=266"}],"curies":[{"name":"wp","href":"https:\/\/api.w.org\/{rel}","templated":true}]}}