{"id":283,"date":"2024-04-17T12:44:05","date_gmt":"2024-04-17T12:44:05","guid":{"rendered":"https:\/\/www.ctai.fr\/?page_id=283"},"modified":"2024-05-15T13:29:53","modified_gmt":"2024-05-15T13:29:53","slug":"alobees","status":"publish","type":"page","link":"https:\/\/www.ctai.fr\/?page_id=283","title":{"rendered":"Alobees"},"content":{"rendered":"\t\t<div data-elementor-type=\"wp-page\" data-elementor-id=\"283\" class=\"elementor elementor-283\" data-elementor-post-type=\"page\">\n\t\t\t\t<div class=\"elementor-element elementor-element-5cb92b9 e-flex e-con-boxed e-con e-parent\" data-id=\"5cb92b9\" data-element_type=\"container\" data-settings=\"{&quot;background_background&quot;:&quot;gradient&quot;,&quot;shape_divider_bottom&quot;:&quot;waves&quot;}\">\n\t\t\t\t\t<div class=\"e-con-inner\">\n\t\t\t\t<div class=\"elementor-shape elementor-shape-bottom\" data-negative=\"false\">\n\t\t\t<svg xmlns=\"http:\/\/www.w3.org\/2000\/svg\" viewBox=\"0 0 1000 100\" preserveAspectRatio=\"none\">\n\t<path class=\"elementor-shape-fill\" d=\"M421.9,6.5c22.6-2.5,51.5,0.4,75.5,5.3c23.6,4.9,70.9,23.5,100.5,35.7c75.8,32.2,133.7,44.5,192.6,49.7\n\tc23.6,2.1,48.7,3.5,103.4-2.5c54.7-6,106.2-25.6,106.2-25.6V0H0v30.3c0,0,72,32.6,158.4,30.5c39.2-0.7,92.8-6.7,134-22.4\n\tc21.2-8.1,52.2-18.2,79.7-24.2C399.3,7.9,411.6,7.5,421.9,6.5z\"\/>\n<\/svg>\t\t<\/div>\n\t\t\t\t<div class=\"elementor-element elementor-element-faffc5d elementor-widget elementor-widget-heading\" data-id=\"faffc5d\" data-element_type=\"widget\" data-widget_type=\"heading.default\">\n\t\t\t\t<div class=\"elementor-widget-container\">\n\t\t\t<style>\/*! elementor - v3.21.0 - 26-05-2024 *\/\n.elementor-heading-title{padding:0;margin:0;line-height:1}.elementor-widget-heading .elementor-heading-title[class*=elementor-size-]>a{color:inherit;font-size:inherit;line-height:inherit}.elementor-widget-heading .elementor-heading-title.elementor-size-small{font-size:15px}.elementor-widget-heading .elementor-heading-title.elementor-size-medium{font-size:19px}.elementor-widget-heading .elementor-heading-title.elementor-size-large{font-size:29px}.elementor-widget-heading .elementor-heading-title.elementor-size-xl{font-size:39px}.elementor-widget-heading .elementor-heading-title.elementor-size-xxl{font-size:59px}<\/style><h1 class=\"elementor-heading-title elementor-size-default\">Sage e-chantier Alobees<\/h1>\t\t<\/div>\n\t\t\t\t<\/div>\n\t\t\t\t<div class=\"elementor-element elementor-element-dde7a6d elementor-widget elementor-widget-image\" data-id=\"dde7a6d\" data-element_type=\"widget\" data-widget_type=\"image.default\">\n\t\t\t\t<div class=\"elementor-widget-container\">\n\t\t\t<style>\/*! elementor - v3.21.0 - 26-05-2024 *\/\n.elementor-widget-image{text-align:center}.elementor-widget-image a{display:inline-block}.elementor-widget-image a img[src$=\".svg\"]{width:48px}.elementor-widget-image img{vertical-align:middle;display:inline-block}<\/style>\t\t\t\t\t\t\t\t\t\t<img decoding=\"async\" src=\"https:\/\/www.ctai.fr\/wp-content\/uploads\/elementor\/thumbs\/logo-SAGE-qmu4k9jj6rj1b9zew896jcx1kehp7sl8oxuq8ajob4.png\" title=\"logo SAGE\" alt=\"logo SAGE\" loading=\"lazy\" \/>\t\t\t\t\t\t\t\t\t\t\t\t\t<\/div>\n\t\t\t\t<\/div>\n\t\t\t\t<div class=\"elementor-element elementor-element-4827fe54 elementor-widget elementor-widget-heading\" data-id=\"4827fe54\" data-element_type=\"widget\" data-widget_type=\"heading.default\">\n\t\t\t\t<div class=\"elementor-widget-container\">\n\t\t\t<h3 class=\"elementor-heading-title elementor-size-default\">Suivez l'avancement de vos chantiers o\u00f9 que vous soyez avec Sage e-chantier Alobees. Vous g\u00e9rez le planning et le suivi des interventions \/ d\u00e9pannages par compagnons, m\u00eame \u00e0 distance.<\/h3>\t\t<\/div>\n\t\t\t\t<\/div>\n\t\t\t\t\t<\/div>\n\t\t\t\t<\/div>\n\t\t<div class=\"elementor-element elementor-element-2f35a297 e-con-full e-flex e-con e-parent\" data-id=\"2f35a297\" data-element_type=\"container\" data-settings=\"{&quot;background_background&quot;:&quot;classic&quot;}\">\n\t\t\t\t<div class=\"elementor-element elementor-element-6973c51e elementor-widget__width-inherit elementor-widget elementor-widget-text-editor\" data-id=\"6973c51e\" data-element_type=\"widget\" data-widget_type=\"text-editor.default\">\n\t\t\t\t<div class=\"elementor-widget-container\">\n\t\t\t<style>\/*! elementor - v3.21.0 - 26-05-2024 *\/\n.elementor-widget-text-editor.elementor-drop-cap-view-stacked .elementor-drop-cap{background-color:#69727d;color:#fff}.elementor-widget-text-editor.elementor-drop-cap-view-framed .elementor-drop-cap{color:#69727d;border:3px solid;background-color:transparent}.elementor-widget-text-editor:not(.elementor-drop-cap-view-default) .elementor-drop-cap{margin-top:8px}.elementor-widget-text-editor:not(.elementor-drop-cap-view-default) .elementor-drop-cap-letter{width:1em;height:1em}.elementor-widget-text-editor .elementor-drop-cap{float:left;text-align:center;line-height:1;font-size:50px}.elementor-widget-text-editor .elementor-drop-cap-letter{display:inline-block}<\/style>\t\t\t\t<h4 style=\"margin: 0cm 0cm 6pt; background-image: initial; background-position: initial; background-size: initial; background-repeat: initial; background-attachment: initial; background-origin: initial; background-clip: initial;\">Associez Sage Batigest Connect et Sage e-chantier Alobees pour g\u00e9rer les chantiers en mobilit\u00e9 et en temps r\u00e9el (planning des chantiers, affectations compagnons, saisie d\u2019heures).<\/h4>\t\t\t\t\t\t<\/div>\n\t\t\t\t<\/div>\n\t\t\t\t<div class=\"elementor-element elementor-element-887f8b2 elementor-widget elementor-widget-image\" data-id=\"887f8b2\" data-element_type=\"widget\" data-widget_type=\"image.default\">\n\t\t\t\t<div class=\"elementor-widget-container\">\n\t\t\t\t\t\t\t\t\t\t\t\t\t<img fetchpriority=\"high\" decoding=\"async\" width=\"768\" height=\"433\" src=\"https:\/\/www.ctai.fr\/wp-content\/uploads\/2024\/04\/Alobees-le-chantier-dans-la-poche-1-768x433.png\" class=\"attachment-medium_large size-medium_large wp-image-858\" alt=\"\" srcset=\"https:\/\/www.ctai.fr\/wp-content\/uploads\/2024\/04\/Alobees-le-chantier-dans-la-poche-1-768x433.png 768w, https:\/\/www.ctai.fr\/wp-content\/uploads\/2024\/04\/Alobees-le-chantier-dans-la-poche-1-300x169.png 300w, https:\/\/www.ctai.fr\/wp-content\/uploads\/2024\/04\/Alobees-le-chantier-dans-la-poche-1-1024x577.png 1024w, https:\/\/www.ctai.fr\/wp-content\/uploads\/2024\/04\/Alobees-le-chantier-dans-la-poche-1-1536x866.png 1536w, https:\/\/www.ctai.fr\/wp-content\/uploads\/2024\/04\/Alobees-le-chantier-dans-la-poche-1-2048x1154.png 2048w\" sizes=\"(max-width: 768px) 100vw, 768px\" \/>\t\t\t\t\t\t\t\t\t\t\t\t\t<\/div>\n\t\t\t\t<\/div>\n\t\t\t\t<\/div>\n\t\t<div class=\"elementor-element elementor-element-37a4648 e-flex e-con-boxed e-con e-parent\" data-id=\"37a4648\" data-element_type=\"container\">\n\t\t\t\t\t<div class=\"e-con-inner\">\n\t\t\t\t<div class=\"elementor-element elementor-element-da54355 elementor-widget elementor-widget-text-editor\" data-id=\"da54355\" data-element_type=\"widget\" data-widget_type=\"text-editor.default\">\n\t\t\t\t<div class=\"elementor-widget-container\">\n\t\t\t\t\t\t\t<h2>Planification des chantiers<\/h2><ul><li>Acc\u00e9dez au planning en version web et en version mobile<\/li><li>Partagez le planning en temps r\u00e9el entre tous les utilisateurs.<\/li><li>Configurez la visualisation par compagnon et par chantier. Les compagnons y acc\u00e8dent depuis leur mobile.<\/li><li>Notifiez tous les intervenants du chantier de chaque modification.<\/li><\/ul><h2>Un suivi collaboratif<\/h2><ul><li>Synchronisez en temps r\u00e9el avec Sage Batigest Connect pour un remplissage automatique des champs sans ressaisie.<\/li><li>Consultez un r\u00e9sum\u00e9 des informations cl\u00e9s issues de Sage Batigest Connect pour chaque chantier.\u00a0<\/li><li>Consultez et modifiez les informations du chantier \u00e0 tout moment en ligne ou via votre smartphone, en ajoutant des photos, des vid\u00e9os, des commentaires, consultez un document, etc. Ainsi chacun participe \u00e0 la vie du chantier.<\/li><\/ul><h2>Gestion des heures<\/h2><ul><li>Les compagnons peuvent remplir les heures travaill\u00e9es depuis leur mobile et ainsi obtenir une feuille d\u2019heures d\u00e9clarative.<\/li><li>Param\u00e9trez les profils de ceux qui peuvent saisir les heures: conducteur, compagnon ou chef de chantier. Ce dernier peut saisir les heures pour ses compagnons.<\/li><li>Consultez un r\u00e9capitulatif des heures par compagnon et par chantier depuis l\u2019interface web. Les heures saisies peuvent remonter directement dans Sage Batigest Connect.\u00a0<\/li><li>Synchronisez avec Sage Business Cloud.<\/li><\/ul><h2>T\u00e2ches et M\u00e9mos<\/h2><ul><li>G\u00e9rez et ajoutez des t\u00e2ches et consultez leur statut.<\/li><li>Les t\u00e2ches termin\u00e9es sont indiqu\u00e9es par le compagnon, le conducteur ou l&#8217;administrateur, et l\u2019\u00e9tat d\u2019avancement est mis \u00e0 jour.<\/li><li>Partagez et recevez les m\u00e9mos, et interagissez avec les autres intervenants.<\/li><\/ul>\t\t\t\t\t\t<\/div>\n\t\t\t\t<\/div>\n\t\t\t\t<div class=\"elementor-element elementor-element-71e526d elementor-widget elementor-widget-image\" data-id=\"71e526d\" data-element_type=\"widget\" data-widget_type=\"image.default\">\n\t\t\t\t<div class=\"elementor-widget-container\">\n\t\t\t\t\t\t\t\t\t\t\t\t\t<img decoding=\"async\" width=\"800\" height=\"482\" src=\"https:\/\/www.ctai.fr\/wp-content\/uploads\/2024\/04\/alobees-ecran-1024x617.jpg\" class=\"attachment-large size-large wp-image-865\" alt=\"\" srcset=\"https:\/\/www.ctai.fr\/wp-content\/uploads\/2024\/04\/alobees-ecran-1024x617.jpg 1024w, https:\/\/www.ctai.fr\/wp-content\/uploads\/2024\/04\/alobees-ecran-300x181.jpg 300w, https:\/\/www.ctai.fr\/wp-content\/uploads\/2024\/04\/alobees-ecran-768x463.jpg 768w, https:\/\/www.ctai.fr\/wp-content\/uploads\/2024\/04\/alobees-ecran.jpg 1082w\" sizes=\"(max-width: 800px) 100vw, 800px\" \/>\t\t\t\t\t\t\t\t\t\t\t\t\t<\/div>\n\t\t\t\t<\/div>\n\t\t\t\t\t<\/div>\n\t\t\t\t<\/div>\n\t\t\t\t<\/div>\n\t\t","protected":false},"excerpt":{"rendered":"<p>Sage e-chantier Alobees Suivez l&#8217;avancement de vos chantiers o\u00f9 que vous soyez avec Sage e-chantier Alobees. Vous g\u00e9rez le planning et le suivi des interventions \/ d\u00e9pannages par compagnons, m\u00eame \u00e0 distance. Associez Sage Batigest Connect et Sage e-chantier Alobees pour g\u00e9rer les chantiers en mobilit\u00e9 et en temps r\u00e9el (planning des chantiers, affectations compagnons, [&hellip;]<\/p>\n","protected":false},"author":1,"featured_media":121,"parent":0,"menu_order":0,"comment_status":"closed","ping_status":"closed","template":"elementor_header_footer","meta":{"footnotes":""},"class_list":["post-283","page","type-page","status-publish","has-post-thumbnail","hentry"],"_links":{"self":[{"href":"https:\/\/www.ctai.fr\/index.php?rest_route=\/wp\/v2\/pages\/283","targetHints":{"allow":["GET"]}}],"collection":[{"href":"https:\/\/www.ctai.fr\/index.php?rest_route=\/wp\/v2\/pages"}],"about":[{"href":"https:\/\/www.ctai.fr\/index.php?rest_route=\/wp\/v2\/types\/page"}],"author":[{"embeddable":true,"href":"https:\/\/www.ctai.fr\/index.php?rest_route=\/wp\/v2\/users\/1"}],"replies":[{"embeddable":true,"href":"https:\/\/www.ctai.fr\/index.php?rest_route=%2Fwp%2Fv2%2Fcomments&post=283"}],"version-history":[{"count":46,"href":"https:\/\/www.ctai.fr\/index.php?rest_route=\/wp\/v2\/pages\/283\/revisions"}],"predecessor-version":[{"id":1328,"href":"https:\/\/www.ctai.fr\/index.php?rest_route=\/wp\/v2\/pages\/283\/revisions\/1328"}],"wp:featuredmedia":[{"embeddable":true,"href":"https:\/\/www.ctai.fr\/index.php?rest_route=\/wp\/v2\/media\/121"}],"wp:attachment":[{"href":"https:\/\/www.ctai.fr\/index.php?rest_route=%2Fwp%2Fv2%2Fmedia&parent=283"}],"curies":[{"name":"wp","href":"https:\/\/api.w.org\/{rel}","templated":true}]}}