{"id":303,"date":"2024-04-17T12:59:09","date_gmt":"2024-04-17T12:59:09","guid":{"rendered":"https:\/\/www.ctai.fr\/?page_id=303"},"modified":"2024-05-15T13:23:43","modified_gmt":"2024-05-15T13:23:43","slug":"assistance","status":"publish","type":"page","link":"https:\/\/www.ctai.fr\/?page_id=303","title":{"rendered":"Assistance"},"content":{"rendered":"\t\t<div data-elementor-type=\"wp-page\" data-elementor-id=\"303\" class=\"elementor elementor-303\" data-elementor-post-type=\"page\">\n\t\t\t\t<div class=\"elementor-element elementor-element-5cb92b9 e-flex e-con-boxed e-con e-parent\" data-id=\"5cb92b9\" data-element_type=\"container\" data-settings=\"{&quot;background_background&quot;:&quot;gradient&quot;,&quot;shape_divider_bottom&quot;:&quot;waves&quot;}\">\n\t\t\t\t\t<div class=\"e-con-inner\">\n\t\t\t\t<div class=\"elementor-shape elementor-shape-bottom\" data-negative=\"false\">\n\t\t\t<svg xmlns=\"http:\/\/www.w3.org\/2000\/svg\" viewBox=\"0 0 1000 100\" preserveAspectRatio=\"none\">\n\t<path class=\"elementor-shape-fill\" d=\"M421.9,6.5c22.6-2.5,51.5,0.4,75.5,5.3c23.6,4.9,70.9,23.5,100.5,35.7c75.8,32.2,133.7,44.5,192.6,49.7\n\tc23.6,2.1,48.7,3.5,103.4-2.5c54.7-6,106.2-25.6,106.2-25.6V0H0v30.3c0,0,72,32.6,158.4,30.5c39.2-0.7,92.8-6.7,134-22.4\n\tc21.2-8.1,52.2-18.2,79.7-24.2C399.3,7.9,411.6,7.5,421.9,6.5z\"\/>\n<\/svg>\t\t<\/div>\n\t\t\t\t<div class=\"elementor-element elementor-element-faffc5d elementor-widget elementor-widget-heading\" data-id=\"faffc5d\" data-element_type=\"widget\" data-widget_type=\"heading.default\">\n\t\t\t\t<div class=\"elementor-widget-container\">\n\t\t\t<style>\/*! elementor - v3.21.0 - 26-05-2024 *\/\n.elementor-heading-title{padding:0;margin:0;line-height:1}.elementor-widget-heading .elementor-heading-title[class*=elementor-size-]>a{color:inherit;font-size:inherit;line-height:inherit}.elementor-widget-heading .elementor-heading-title.elementor-size-small{font-size:15px}.elementor-widget-heading .elementor-heading-title.elementor-size-medium{font-size:19px}.elementor-widget-heading .elementor-heading-title.elementor-size-large{font-size:29px}.elementor-widget-heading .elementor-heading-title.elementor-size-xl{font-size:39px}.elementor-widget-heading .elementor-heading-title.elementor-size-xxl{font-size:59px}<\/style><h1 class=\"elementor-heading-title elementor-size-default\">Assistance<\/h1>\t\t<\/div>\n\t\t\t\t<\/div>\n\t\t\t\t<div class=\"elementor-element elementor-element-4827fe54 elementor-widget elementor-widget-heading\" data-id=\"4827fe54\" data-element_type=\"widget\" data-widget_type=\"heading.default\">\n\t\t\t\t<div class=\"elementor-widget-container\">\n\t\t\t<h3 class=\"elementor-heading-title elementor-size-default\">Le CTAI est votre partenaire de confiance pour tous vos besoins en maintenance logicielle SAGE ou CODIAL<\/h3>\t\t<\/div>\n\t\t\t\t<\/div>\n\t\t\t\t\t<\/div>\n\t\t\t\t<\/div>\n\t\t<div class=\"elementor-element elementor-element-2f35a297 e-con-full e-flex e-con e-parent\" data-id=\"2f35a297\" data-element_type=\"container\" data-settings=\"{&quot;background_background&quot;:&quot;classic&quot;}\">\n\t\t\t\t<div class=\"elementor-element elementor-element-6973c51e elementor-widget__width-inherit elementor-widget elementor-widget-text-editor\" data-id=\"6973c51e\" data-element_type=\"widget\" data-widget_type=\"text-editor.default\">\n\t\t\t\t<div class=\"elementor-widget-container\">\n\t\t\t<style>\/*! elementor - v3.21.0 - 26-05-2024 *\/\n.elementor-widget-text-editor.elementor-drop-cap-view-stacked .elementor-drop-cap{background-color:#69727d;color:#fff}.elementor-widget-text-editor.elementor-drop-cap-view-framed .elementor-drop-cap{color:#69727d;border:3px solid;background-color:transparent}.elementor-widget-text-editor:not(.elementor-drop-cap-view-default) .elementor-drop-cap{margin-top:8px}.elementor-widget-text-editor:not(.elementor-drop-cap-view-default) .elementor-drop-cap-letter{width:1em;height:1em}.elementor-widget-text-editor .elementor-drop-cap{float:left;text-align:center;line-height:1;font-size:50px}.elementor-widget-text-editor .elementor-drop-cap-letter{display:inline-block}<\/style>\t\t\t\t<p>Nous comprenons l&#8217;importance essentielle d&#8217;avoir des logiciels fiables et performants afin de garantir que vos applications m\u00e9tiers fonctionnent de mani\u00e8re optimale, minimisant ainsi les interruptions et maximisant la productivit\u00e9.<\/p><p>Notre \u00e9quipe de support technique est disponible pour r\u00e9pondre \u00e0 toutes vos questions, r\u00e9soudre les probl\u00e8mes et fournir une assistance en cas d&#8217;urgence, garantissant ainsi une continuit\u00e9 op\u00e9rationnelle maximale.<\/p>\t\t\t\t\t\t<\/div>\n\t\t\t\t<\/div>\n\t\t\t\t<div class=\"elementor-element elementor-element-1820a25 elementor-widget elementor-widget-image\" data-id=\"1820a25\" data-element_type=\"widget\" data-widget_type=\"image.default\">\n\t\t\t\t<div class=\"elementor-widget-container\">\n\t\t\t<style>\/*! elementor - v3.21.0 - 26-05-2024 *\/\n.elementor-widget-image{text-align:center}.elementor-widget-image a{display:inline-block}.elementor-widget-image a img[src$=\".svg\"]{width:48px}.elementor-widget-image img{vertical-align:middle;display:inline-block}<\/style>\t\t\t\t\t\t\t\t\t\t<img fetchpriority=\"high\" decoding=\"async\" width=\"768\" height=\"511\" src=\"https:\/\/www.ctai.fr\/wp-content\/uploads\/2024\/04\/collegues-travaillant-ensemble-dans-bureau-centre-appels-cafe_23-2149256070-768x511.jpg\" class=\"attachment-medium_large size-medium_large wp-image-217\" alt=\"\" srcset=\"https:\/\/www.ctai.fr\/wp-content\/uploads\/2024\/04\/collegues-travaillant-ensemble-dans-bureau-centre-appels-cafe_23-2149256070-768x511.jpg 768w, https:\/\/www.ctai.fr\/wp-content\/uploads\/2024\/04\/collegues-travaillant-ensemble-dans-bureau-centre-appels-cafe_23-2149256070-300x200.jpg 300w, https:\/\/www.ctai.fr\/wp-content\/uploads\/2024\/04\/collegues-travaillant-ensemble-dans-bureau-centre-appels-cafe_23-2149256070-1024x681.jpg 1024w, https:\/\/www.ctai.fr\/wp-content\/uploads\/2024\/04\/collegues-travaillant-ensemble-dans-bureau-centre-appels-cafe_23-2149256070.jpg 1380w\" sizes=\"(max-width: 768px) 100vw, 768px\" \/>\t\t\t\t\t\t\t\t\t\t\t\t\t<\/div>\n\t\t\t\t<\/div>\n\t\t\t\t<\/div>\n\t\t\t\t<\/div>\n\t\t","protected":false},"excerpt":{"rendered":"<p>Assistance Le CTAI est votre partenaire de confiance pour tous vos besoins en maintenance logicielle SAGE ou CODIAL Nous comprenons l&#8217;importance essentielle d&#8217;avoir des logiciels fiables et performants afin de garantir que vos applications m\u00e9tiers fonctionnent de mani\u00e8re optimale, minimisant ainsi les interruptions et maximisant la productivit\u00e9. Notre \u00e9quipe de support technique est disponible pour [&hellip;]<\/p>\n","protected":false},"author":1,"featured_media":121,"parent":0,"menu_order":0,"comment_status":"closed","ping_status":"closed","template":"elementor_header_footer","meta":{"footnotes":""},"class_list":["post-303","page","type-page","status-publish","has-post-thumbnail","hentry"],"_links":{"self":[{"href":"https:\/\/www.ctai.fr\/index.php?rest_route=\/wp\/v2\/pages\/303","targetHints":{"allow":["GET"]}}],"collection":[{"href":"https:\/\/www.ctai.fr\/index.php?rest_route=\/wp\/v2\/pages"}],"about":[{"href":"https:\/\/www.ctai.fr\/index.php?rest_route=\/wp\/v2\/types\/page"}],"author":[{"embeddable":true,"href":"https:\/\/www.ctai.fr\/index.php?rest_route=\/wp\/v2\/users\/1"}],"replies":[{"embeddable":true,"href":"https:\/\/www.ctai.fr\/index.php?rest_route=%2Fwp%2Fv2%2Fcomments&post=303"}],"version-history":[{"count":28,"href":"https:\/\/www.ctai.fr\/index.php?rest_route=\/wp\/v2\/pages\/303\/revisions"}],"predecessor-version":[{"id":1298,"href":"https:\/\/www.ctai.fr\/index.php?rest_route=\/wp\/v2\/pages\/303\/revisions\/1298"}],"wp:featuredmedia":[{"embeddable":true,"href":"https:\/\/www.ctai.fr\/index.php?rest_route=\/wp\/v2\/media\/121"}],"wp:attachment":[{"href":"https:\/\/www.ctai.fr\/index.php?rest_route=%2Fwp%2Fv2%2Fmedia&parent=303"}],"curies":[{"name":"wp","href":"https:\/\/api.w.org\/{rel}","templated":true}]}}