{"id":308,"date":"2024-04-17T13:03:45","date_gmt":"2024-04-17T13:03:45","guid":{"rendered":"https:\/\/www.ctai.fr\/?page_id=308"},"modified":"2024-05-15T13:23:17","modified_gmt":"2024-05-15T13:23:17","slug":"infogerance","status":"publish","type":"page","link":"https:\/\/www.ctai.fr\/?page_id=308","title":{"rendered":"Infog\u00e9rance"},"content":{"rendered":"\t\t<div data-elementor-type=\"wp-page\" data-elementor-id=\"308\" class=\"elementor elementor-308\" data-elementor-post-type=\"page\">\n\t\t\t\t<div class=\"elementor-element elementor-element-5cb92b9 e-flex e-con-boxed e-con e-parent\" data-id=\"5cb92b9\" data-element_type=\"container\" data-settings=\"{&quot;background_background&quot;:&quot;gradient&quot;,&quot;shape_divider_bottom&quot;:&quot;waves&quot;}\">\n\t\t\t\t\t<div class=\"e-con-inner\">\n\t\t\t\t<div class=\"elementor-shape elementor-shape-bottom\" data-negative=\"false\">\n\t\t\t<svg xmlns=\"http:\/\/www.w3.org\/2000\/svg\" viewBox=\"0 0 1000 100\" preserveAspectRatio=\"none\">\n\t<path class=\"elementor-shape-fill\" d=\"M421.9,6.5c22.6-2.5,51.5,0.4,75.5,5.3c23.6,4.9,70.9,23.5,100.5,35.7c75.8,32.2,133.7,44.5,192.6,49.7\n\tc23.6,2.1,48.7,3.5,103.4-2.5c54.7-6,106.2-25.6,106.2-25.6V0H0v30.3c0,0,72,32.6,158.4,30.5c39.2-0.7,92.8-6.7,134-22.4\n\tc21.2-8.1,52.2-18.2,79.7-24.2C399.3,7.9,411.6,7.5,421.9,6.5z\"\/>\n<\/svg>\t\t<\/div>\n\t\t\t\t<div class=\"elementor-element elementor-element-faffc5d elementor-widget elementor-widget-heading\" data-id=\"faffc5d\" data-element_type=\"widget\" data-widget_type=\"heading.default\">\n\t\t\t\t<div class=\"elementor-widget-container\">\n\t\t\t<style>\/*! elementor - v3.21.0 - 26-05-2024 *\/\n.elementor-heading-title{padding:0;margin:0;line-height:1}.elementor-widget-heading .elementor-heading-title[class*=elementor-size-]>a{color:inherit;font-size:inherit;line-height:inherit}.elementor-widget-heading .elementor-heading-title.elementor-size-small{font-size:15px}.elementor-widget-heading .elementor-heading-title.elementor-size-medium{font-size:19px}.elementor-widget-heading .elementor-heading-title.elementor-size-large{font-size:29px}.elementor-widget-heading .elementor-heading-title.elementor-size-xl{font-size:39px}.elementor-widget-heading .elementor-heading-title.elementor-size-xxl{font-size:59px}<\/style><h1 class=\"elementor-heading-title elementor-size-default\">Infog\u00e9rance<\/h1>\t\t<\/div>\n\t\t\t\t<\/div>\n\t\t\t\t<div class=\"elementor-element elementor-element-4827fe54 elementor-widget elementor-widget-heading\" data-id=\"4827fe54\" data-element_type=\"widget\" data-widget_type=\"heading.default\">\n\t\t\t\t<div class=\"elementor-widget-container\">\n\t\t\t<h3 class=\"elementor-heading-title elementor-size-default\">Que vous soyez une petite entreprise en pleine croissance ou une entreprise \u00e9tablie, notre \u00e9quipe d'experts en infog\u00e9rance est l\u00e0 pour vous aider \u00e0 optimiser vos op\u00e9rations informatiques et \u00e0 maximiser votre efficacit\u00e9. <\/h3>\t\t<\/div>\n\t\t\t\t<\/div>\n\t\t\t\t\t<\/div>\n\t\t\t\t<\/div>\n\t\t<div class=\"elementor-element elementor-element-2f35a297 e-con-full e-flex e-con e-parent\" data-id=\"2f35a297\" data-element_type=\"container\" data-settings=\"{&quot;background_background&quot;:&quot;classic&quot;}\">\n\t\t\t\t<div class=\"elementor-element elementor-element-6973c51e elementor-widget__width-inherit elementor-widget elementor-widget-text-editor\" data-id=\"6973c51e\" data-element_type=\"widget\" data-widget_type=\"text-editor.default\">\n\t\t\t\t<div class=\"elementor-widget-container\">\n\t\t\t<style>\/*! elementor - v3.21.0 - 26-05-2024 *\/\n.elementor-widget-text-editor.elementor-drop-cap-view-stacked .elementor-drop-cap{background-color:#69727d;color:#fff}.elementor-widget-text-editor.elementor-drop-cap-view-framed .elementor-drop-cap{color:#69727d;border:3px solid;background-color:transparent}.elementor-widget-text-editor:not(.elementor-drop-cap-view-default) .elementor-drop-cap{margin-top:8px}.elementor-widget-text-editor:not(.elementor-drop-cap-view-default) .elementor-drop-cap-letter{width:1em;height:1em}.elementor-widget-text-editor .elementor-drop-cap{float:left;text-align:center;line-height:1;font-size:50px}.elementor-widget-text-editor .elementor-drop-cap-letter{display:inline-block}<\/style>\t\t\t\t<p>Nos services d&#8217;infog\u00e9rance comprennent la gestion de l&#8217;infrastructure : Nous prenons en charge la gestion compl\u00e8te de votre infrastructure informatique, y compris les serveurs, les r\u00e9seaux, le stockage et les sauvegardes, afin que vous puissiez vous concentrer sur votre c\u0153ur de m\u00e9tier.<\/p><p><strong>S\u00e9curit\u00e9 informatique<\/strong><\/p><p>Nous mettons en place des mesures de s\u00e9curit\u00e9 robustes pour prot\u00e9ger vos donn\u00e9es sensibles contre les menaces en ligne, les cyberattaques et les violations de s\u00e9curit\u00e9, garantissant ainsi la confidentialit\u00e9 et l&#8217;int\u00e9grit\u00e9 de vos informations.<\/p><p><strong>Optimisation des co\u00fbts<\/strong><\/p><p>Nous travaillons en \u00e9troite collaboration avec vous pour optimiser vos d\u00e9penses informatiques, en identifiant les inefficacit\u00e9s et en proposant des solutions rentables pour maximiser votre retour sur investissement.<\/p><p>Le CTAI propose une approche personnalis\u00e9e de l&#8217;infog\u00e9rance, en nous adaptant aux besoins sp\u00e9cifiques de chaque client pour fournir des solutions sur mesure qui r\u00e9pondent \u00e0 leurs objectifs commerciaux et \u00e0 leur budget.<\/p>\t\t\t\t\t\t<\/div>\n\t\t\t\t<\/div>\n\t\t\t\t<div class=\"elementor-element elementor-element-4559ed6 elementor-widget elementor-widget-image\" data-id=\"4559ed6\" data-element_type=\"widget\" data-widget_type=\"image.default\">\n\t\t\t\t<div class=\"elementor-widget-container\">\n\t\t\t<style>\/*! elementor - v3.21.0 - 26-05-2024 *\/\n.elementor-widget-image{text-align:center}.elementor-widget-image a{display:inline-block}.elementor-widget-image a img[src$=\".svg\"]{width:48px}.elementor-widget-image img{vertical-align:middle;display:inline-block}<\/style>\t\t\t\t\t\t\t\t\t\t<img fetchpriority=\"high\" decoding=\"async\" width=\"768\" height=\"379\" src=\"https:\/\/www.ctai.fr\/wp-content\/uploads\/2024\/04\/website-hosting-concept-with-bright-light-768x379.jpg\" class=\"attachment-medium_large size-medium_large wp-image-316\" alt=\"\" srcset=\"https:\/\/www.ctai.fr\/wp-content\/uploads\/2024\/04\/website-hosting-concept-with-bright-light-768x379.jpg 768w, https:\/\/www.ctai.fr\/wp-content\/uploads\/2024\/04\/website-hosting-concept-with-bright-light-300x148.jpg 300w, https:\/\/www.ctai.fr\/wp-content\/uploads\/2024\/04\/website-hosting-concept-with-bright-light-1024x505.jpg 1024w, https:\/\/www.ctai.fr\/wp-content\/uploads\/2024\/04\/website-hosting-concept-with-bright-light-1536x758.jpg 1536w, https:\/\/www.ctai.fr\/wp-content\/uploads\/2024\/04\/website-hosting-concept-with-bright-light-2048x1010.jpg 2048w\" sizes=\"(max-width: 768px) 100vw, 768px\" \/>\t\t\t\t\t\t\t\t\t\t\t\t\t<\/div>\n\t\t\t\t<\/div>\n\t\t\t\t<\/div>\n\t\t\t\t<\/div>\n\t\t","protected":false},"excerpt":{"rendered":"<p>Infog\u00e9rance Que vous soyez une petite entreprise en pleine croissance ou une entreprise \u00e9tablie, notre \u00e9quipe d&#8217;experts en infog\u00e9rance est l\u00e0 pour vous aider \u00e0 optimiser vos op\u00e9rations informatiques et \u00e0 maximiser votre efficacit\u00e9. Nos services d&#8217;infog\u00e9rance comprennent la gestion de l&#8217;infrastructure : Nous prenons en charge la gestion compl\u00e8te de votre infrastructure informatique, y [&hellip;]<\/p>\n","protected":false},"author":1,"featured_media":121,"parent":0,"menu_order":0,"comment_status":"closed","ping_status":"closed","template":"elementor_header_footer","meta":{"footnotes":""},"class_list":["post-308","page","type-page","status-publish","has-post-thumbnail","hentry"],"_links":{"self":[{"href":"https:\/\/www.ctai.fr\/index.php?rest_route=\/wp\/v2\/pages\/308","targetHints":{"allow":["GET"]}}],"collection":[{"href":"https:\/\/www.ctai.fr\/index.php?rest_route=\/wp\/v2\/pages"}],"about":[{"href":"https:\/\/www.ctai.fr\/index.php?rest_route=\/wp\/v2\/types\/page"}],"author":[{"embeddable":true,"href":"https:\/\/www.ctai.fr\/index.php?rest_route=\/wp\/v2\/users\/1"}],"replies":[{"embeddable":true,"href":"https:\/\/www.ctai.fr\/index.php?rest_route=%2Fwp%2Fv2%2Fcomments&post=308"}],"version-history":[{"count":25,"href":"https:\/\/www.ctai.fr\/index.php?rest_route=\/wp\/v2\/pages\/308\/revisions"}],"predecessor-version":[{"id":1295,"href":"https:\/\/www.ctai.fr\/index.php?rest_route=\/wp\/v2\/pages\/308\/revisions\/1295"}],"wp:featuredmedia":[{"embeddable":true,"href":"https:\/\/www.ctai.fr\/index.php?rest_route=\/wp\/v2\/media\/121"}],"wp:attachment":[{"href":"https:\/\/www.ctai.fr\/index.php?rest_route=%2Fwp%2Fv2%2Fmedia&parent=308"}],"curies":[{"name":"wp","href":"https:\/\/api.w.org\/{rel}","templated":true}]}}