{"id":329,"date":"2024-04-17T13:48:10","date_gmt":"2024-04-17T13:48:10","guid":{"rendered":"https:\/\/www.ctai.fr\/?page_id=329"},"modified":"2024-04-22T08:40:44","modified_gmt":"2024-04-22T08:40:44","slug":"domaines-de-competences","status":"publish","type":"page","link":"https:\/\/www.ctai.fr\/?page_id=329","title":{"rendered":"Domaines de comp\u00e9tences"},"content":{"rendered":"\t\t<div data-elementor-type=\"wp-page\" data-elementor-id=\"329\" class=\"elementor elementor-329\" data-elementor-post-type=\"page\">\n\t\t\t\t<div class=\"elementor-element elementor-element-5cb92b9 e-flex e-con-boxed e-con e-parent\" data-id=\"5cb92b9\" data-element_type=\"container\" data-settings=\"{&quot;background_background&quot;:&quot;gradient&quot;,&quot;shape_divider_bottom&quot;:&quot;waves&quot;}\">\n\t\t\t\t\t<div class=\"e-con-inner\">\n\t\t\t\t<div class=\"elementor-shape elementor-shape-bottom\" data-negative=\"false\">\n\t\t\t<svg xmlns=\"http:\/\/www.w3.org\/2000\/svg\" viewBox=\"0 0 1000 100\" preserveAspectRatio=\"none\">\n\t<path class=\"elementor-shape-fill\" d=\"M421.9,6.5c22.6-2.5,51.5,0.4,75.5,5.3c23.6,4.9,70.9,23.5,100.5,35.7c75.8,32.2,133.7,44.5,192.6,49.7\n\tc23.6,2.1,48.7,3.5,103.4-2.5c54.7-6,106.2-25.6,106.2-25.6V0H0v30.3c0,0,72,32.6,158.4,30.5c39.2-0.7,92.8-6.7,134-22.4\n\tc21.2-8.1,52.2-18.2,79.7-24.2C399.3,7.9,411.6,7.5,421.9,6.5z\"\/>\n<\/svg>\t\t<\/div>\n\t\t\t\t<div class=\"elementor-element elementor-element-faffc5d elementor-widget elementor-widget-heading\" data-id=\"faffc5d\" data-element_type=\"widget\" data-widget_type=\"heading.default\">\n\t\t\t\t<div class=\"elementor-widget-container\">\n\t\t\t<style>\/*! elementor - v3.21.0 - 26-05-2024 *\/\n.elementor-heading-title{padding:0;margin:0;line-height:1}.elementor-widget-heading .elementor-heading-title[class*=elementor-size-]>a{color:inherit;font-size:inherit;line-height:inherit}.elementor-widget-heading .elementor-heading-title.elementor-size-small{font-size:15px}.elementor-widget-heading .elementor-heading-title.elementor-size-medium{font-size:19px}.elementor-widget-heading .elementor-heading-title.elementor-size-large{font-size:29px}.elementor-widget-heading .elementor-heading-title.elementor-size-xl{font-size:39px}.elementor-widget-heading .elementor-heading-title.elementor-size-xxl{font-size:59px}<\/style><h1 class=\"elementor-heading-title elementor-size-default\">Domaines de comp\u00e9tences<\/h1>\t\t<\/div>\n\t\t\t\t<\/div>\n\t\t\t\t\t<\/div>\n\t\t\t\t<\/div>\n\t\t<div class=\"elementor-element elementor-element-2d8e54f e-flex e-con-boxed e-con e-parent\" data-id=\"2d8e54f\" data-element_type=\"container\">\n\t\t\t\t\t<div class=\"e-con-inner\">\n\t\t\t\t<div class=\"elementor-element elementor-element-ec2d986 elementor-widget elementor-widget-heading\" data-id=\"ec2d986\" data-element_type=\"widget\" data-widget_type=\"heading.default\">\n\t\t\t\t<div class=\"elementor-widget-container\">\n\t\t\t<h5 class=\"elementor-heading-title elementor-size-default\">Le CTAI, Centre Technique et d'Innovation, s'implique depuis de nombreuses ann\u00e9es dans diff\u00e9rents domaines informatiques afin de proposer aussi bien \u00e0 des entreprises qu'\u00e0 des institutions, des solutions innovantes.<br>L'ensemble de ces domaines est regroup\u00e9 sous la d\u00e9nomination CTAI Technologies<\/h5>\t\t<\/div>\n\t\t\t\t<\/div>\n\t\t\t\t<div class=\"elementor-element elementor-element-e900d06 elementor-widget elementor-widget-image\" data-id=\"e900d06\" data-element_type=\"widget\" data-widget_type=\"image.default\">\n\t\t\t\t<div class=\"elementor-widget-container\">\n\t\t\t<style>\/*! elementor - v3.21.0 - 26-05-2024 *\/\n.elementor-widget-image{text-align:center}.elementor-widget-image a{display:inline-block}.elementor-widget-image a img[src$=\".svg\"]{width:48px}.elementor-widget-image img{vertical-align:middle;display:inline-block}<\/style>\t\t\t\t\t\t\t\t\t\t<img fetchpriority=\"high\" decoding=\"async\" width=\"652\" height=\"233\" src=\"https:\/\/www.ctai.fr\/wp-content\/uploads\/2024\/04\/logo-CTAI_technologies.jpg\" class=\"attachment-medium_large size-medium_large wp-image-609\" alt=\"\" srcset=\"https:\/\/www.ctai.fr\/wp-content\/uploads\/2024\/04\/logo-CTAI_technologies.jpg 652w, https:\/\/www.ctai.fr\/wp-content\/uploads\/2024\/04\/logo-CTAI_technologies-300x107.jpg 300w\" sizes=\"(max-width: 652px) 100vw, 652px\" \/>\t\t\t\t\t\t\t\t\t\t\t\t\t<\/div>\n\t\t\t\t<\/div>\n\t\t\t\t\t<\/div>\n\t\t\t\t<\/div>\n\t\t<div class=\"elementor-element elementor-element-93276ea e-flex e-con-boxed e-con e-parent\" data-id=\"93276ea\" data-element_type=\"container\">\n\t\t\t\t\t<div class=\"e-con-inner\">\n\t\t<div class=\"elementor-element elementor-element-b73cb19 e-con-full e-flex e-con e-child\" data-id=\"b73cb19\" data-element_type=\"container\">\n\t\t\t\t<div class=\"elementor-element elementor-element-cab7e66 elementor-widget elementor-widget-image\" data-id=\"cab7e66\" data-element_type=\"widget\" data-widget_type=\"image.default\">\n\t\t\t\t<div class=\"elementor-widget-container\">\n\t\t\t\t\t\t\t\t\t\t\t\t\t\t<a href=\"https:\/\/www.ctai.fr\/?page_id=341\">\n\t\t\t\t\t\t\t<img decoding=\"async\" src=\"https:\/\/www.ctai.fr\/wp-content\/uploads\/elementor\/thumbs\/prog-qmuh7hrknj5jtt3pits6g1dxad7dawcadhuo6po6vk.jpg\" title=\"D\u00e9veloppement d&#8217;applications\" alt=\"D\u00e9veloppement d&#039;applications\" loading=\"lazy\" \/>\t\t\t\t\t\t\t\t<\/a>\n\t\t\t\t\t\t\t\t\t\t\t\t\t<\/div>\n\t\t\t\t<\/div>\n\t\t\t\t<div class=\"elementor-element elementor-element-0a9632b elementor-widget elementor-widget-heading\" data-id=\"0a9632b\" data-element_type=\"widget\" data-widget_type=\"heading.default\">\n\t\t\t\t<div class=\"elementor-widget-container\">\n\t\t\t<h4 class=\"elementor-heading-title elementor-size-default\"><a href=\"https:\/\/www.ctai.fr\/?page_id=341\">D\u00e9veloppement d'applications<\/a><\/h4>\t\t<\/div>\n\t\t\t\t<\/div>\n\t\t\t\t<\/div>\n\t\t<div class=\"elementor-element elementor-element-0d9aa45 e-con-full e-flex e-con e-child\" data-id=\"0d9aa45\" data-element_type=\"container\">\n\t\t\t\t<div class=\"elementor-element elementor-element-b7f6637 elementor-widget elementor-widget-image\" data-id=\"b7f6637\" data-element_type=\"widget\" data-widget_type=\"image.default\">\n\t\t\t\t<div class=\"elementor-widget-container\">\n\t\t\t\t\t\t\t\t\t\t\t\t\t\t<a href=\"https:\/\/www.ctai.fr\/?page_id=308\">\n\t\t\t\t\t\t\t<img decoding=\"async\" src=\"https:\/\/www.ctai.fr\/wp-content\/uploads\/elementor\/thumbs\/website-hosting-concept-with-bright-light-scaled-qmug4ka7ljv0z7nfuhzfod1nkv33i6si0t5pn5e6kw.jpg\" title=\"Infog\u00e9rance\" alt=\"Infog\u00e9rance\" loading=\"lazy\" \/>\t\t\t\t\t\t\t\t<\/a>\n\t\t\t\t\t\t\t\t\t\t\t\t\t<\/div>\n\t\t\t\t<\/div>\n\t\t\t\t<div class=\"elementor-element elementor-element-5a6e667 elementor-widget elementor-widget-heading\" data-id=\"5a6e667\" data-element_type=\"widget\" data-widget_type=\"heading.default\">\n\t\t\t\t<div class=\"elementor-widget-container\">\n\t\t\t<h4 class=\"elementor-heading-title elementor-size-default\"><a href=\"https:\/\/www.ctai.fr\/?page_id=308\">Infog\u00e9rance<\/a><\/h4>\t\t<\/div>\n\t\t\t\t<\/div>\n\t\t\t\t<\/div>\n\t\t<div class=\"elementor-element elementor-element-0d70296 e-con-full e-flex e-con e-child\" data-id=\"0d70296\" data-element_type=\"container\">\n\t\t\t\t<div class=\"elementor-element elementor-element-f8bedaf elementor-widget elementor-widget-image\" data-id=\"f8bedaf\" data-element_type=\"widget\" data-widget_type=\"image.default\">\n\t\t\t\t<div class=\"elementor-widget-container\">\n\t\t\t\t\t\t\t\t\t\t\t\t\t\t<a href=\"https:\/\/www.ctai.fr\/?page_id=303\">\n\t\t\t\t\t\t\t<img decoding=\"async\" src=\"https:\/\/www.ctai.fr\/wp-content\/uploads\/elementor\/thumbs\/collegues-travaillant-ensemble-dans-bureau-centre-appels-cafe_23-2149256070-qmu4kmp7eqhbiztelpkjcbkskt5zftkeu4supa3nww.jpg\" title=\"Assistance\" alt=\"Assistance\" loading=\"lazy\" \/>\t\t\t\t\t\t\t\t<\/a>\n\t\t\t\t\t\t\t\t\t\t\t\t\t<\/div>\n\t\t\t\t<\/div>\n\t\t\t\t<div class=\"elementor-element elementor-element-0587d82 elementor-widget elementor-widget-heading\" data-id=\"0587d82\" data-element_type=\"widget\" data-widget_type=\"heading.default\">\n\t\t\t\t<div class=\"elementor-widget-container\">\n\t\t\t<h4 class=\"elementor-heading-title elementor-size-default\"><a href=\"https:\/\/www.ctai.fr\/?page_id=303\">Assistance<\/a><\/h4>\t\t<\/div>\n\t\t\t\t<\/div>\n\t\t\t\t<\/div>\n\t\t<div class=\"elementor-element elementor-element-38bad27 e-con-full e-flex e-con e-child\" data-id=\"38bad27\" data-element_type=\"container\">\n\t\t\t\t<div class=\"elementor-element elementor-element-722d23f elementor-widget elementor-widget-image\" data-id=\"722d23f\" data-element_type=\"widget\" data-widget_type=\"image.default\">\n\t\t\t\t<div class=\"elementor-widget-container\">\n\t\t\t\t\t\t\t\t\t\t\t\t\t\t<a href=\"https:\/\/www.ctai.fr\/?page_id=546\">\n\t\t\t\t\t\t\t<img decoding=\"async\" src=\"https:\/\/www.ctai.fr\/wp-content\/uploads\/elementor\/thumbs\/joyful-workers-their-office-scaled-qmw95xflc30inwoqx2fl20z0m4slwaukxhppgvttjk.jpg\" title=\"Service \u00e0 la personne\" alt=\"Service \u00e0 la personne\" loading=\"lazy\" \/>\t\t\t\t\t\t\t\t<\/a>\n\t\t\t\t\t\t\t\t\t\t\t\t\t<\/div>\n\t\t\t\t<\/div>\n\t\t\t\t<div class=\"elementor-element elementor-element-a5eafe2 elementor-widget elementor-widget-heading\" data-id=\"a5eafe2\" data-element_type=\"widget\" data-widget_type=\"heading.default\">\n\t\t\t\t<div class=\"elementor-widget-container\">\n\t\t\t<h4 class=\"elementor-heading-title elementor-size-default\"><a href=\"https:\/\/www.ctai.fr\/?page_id=546\">Service \u00e0 la personne<\/a><\/h4>\t\t<\/div>\n\t\t\t\t<\/div>\n\t\t\t\t<\/div>\n\t\t<div class=\"elementor-element elementor-element-01e5b86 e-con-full e-flex e-con e-child\" data-id=\"01e5b86\" data-element_type=\"container\">\n\t\t\t\t<div class=\"elementor-element elementor-element-cf13ba8 elementor-widget elementor-widget-image\" data-id=\"cf13ba8\" data-element_type=\"widget\" data-widget_type=\"image.default\">\n\t\t\t\t<div class=\"elementor-widget-container\">\n\t\t\t\t\t\t\t\t\t\t\t\t\t\t<a href=\"https:\/\/www.ctai.fr\/?page_id=320\">\n\t\t\t\t\t\t\t<img decoding=\"async\" src=\"https:\/\/www.ctai.fr\/wp-content\/uploads\/elementor\/thumbs\/group-diverse-people-having-business-meeting-scaled-qmugifeiekua85ifvzqbyd3f0gr01gtyxfkjh2u4sw.jpg\" title=\"Formation\" alt=\"Formation\" loading=\"lazy\" \/>\t\t\t\t\t\t\t\t<\/a>\n\t\t\t\t\t\t\t\t\t\t\t\t\t<\/div>\n\t\t\t\t<\/div>\n\t\t\t\t<div class=\"elementor-element elementor-element-35d63dc elementor-widget elementor-widget-heading\" data-id=\"35d63dc\" data-element_type=\"widget\" data-widget_type=\"heading.default\">\n\t\t\t\t<div class=\"elementor-widget-container\">\n\t\t\t<h4 class=\"elementor-heading-title elementor-size-default\"><a href=\"https:\/\/www.ctai.fr\/?page_id=320\">CTAI Formation<\/a><\/h4>\t\t<\/div>\n\t\t\t\t<\/div>\n\t\t\t\t<\/div>\n\t\t<div class=\"elementor-element elementor-element-50cfead e-con-full e-flex e-con e-child\" data-id=\"50cfead\" data-element_type=\"container\">\n\t\t\t\t<div class=\"elementor-element elementor-element-031ad46 elementor-widget elementor-widget-image\" data-id=\"031ad46\" data-element_type=\"widget\" data-widget_type=\"image.default\">\n\t\t\t\t<div class=\"elementor-widget-container\">\n\t\t\t\t\t\t\t\t\t\t\t\t\t\t<a href=\"https:\/\/www.ctai.fr\/?page_id=624\">\n\t\t\t\t\t\t\t<img decoding=\"async\" src=\"https:\/\/www.ctai.fr\/wp-content\/uploads\/elementor\/thumbs\/web-design-technology-browsing-programming-concept-scaled-qmxgkukr40j9acghk5cmh4nr1ncvmejat8bfb0gxjk.jpg\" title=\"Cr\u00e9ation de sites\" alt=\"Cr\u00e9ation de sites\" loading=\"lazy\" \/>\t\t\t\t\t\t\t\t<\/a>\n\t\t\t\t\t\t\t\t\t\t\t\t\t<\/div>\n\t\t\t\t<\/div>\n\t\t\t\t<div class=\"elementor-element elementor-element-bdfe56f elementor-widget elementor-widget-heading\" data-id=\"bdfe56f\" data-element_type=\"widget\" data-widget_type=\"heading.default\">\n\t\t\t\t<div class=\"elementor-widget-container\">\n\t\t\t<h4 class=\"elementor-heading-title elementor-size-default\"><a href=\"https:\/\/www.ctai.fr\/?page_id=624\">Cr\u00e9ation de sites<\/a><\/h4>\t\t<\/div>\n\t\t\t\t<\/div>\n\t\t\t\t<\/div>\n\t\t\t\t\t<\/div>\n\t\t\t\t<\/div>\n\t\t<div class=\"elementor-element elementor-element-edfb910 e-flex e-con-boxed e-con e-parent\" data-id=\"edfb910\" data-element_type=\"container\">\n\t\t\t\t\t<div class=\"e-con-inner\">\n\t\t\t\t\t<\/div>\n\t\t\t\t<\/div>\n\t\t\t\t<\/div>\n\t\t","protected":false},"excerpt":{"rendered":"<p>Domaines de comp\u00e9tences Le CTAI, Centre Technique et d&#8217;Innovation, s&#8217;implique depuis de nombreuses ann\u00e9es dans diff\u00e9rents domaines informatiques afin de proposer aussi bien \u00e0 des entreprises qu&#8217;\u00e0 des institutions, des solutions innovantes.L&#8217;ensemble de ces domaines est regroup\u00e9 sous la d\u00e9nomination CTAI Technologies D\u00e9veloppement d&#8217;applications Infog\u00e9rance Assistance Service \u00e0 la personne CTAI Formation Cr\u00e9ation de sites<\/p>\n","protected":false},"author":1,"featured_media":121,"parent":0,"menu_order":0,"comment_status":"closed","ping_status":"closed","template":"elementor_header_footer","meta":{"footnotes":""},"class_list":["post-329","page","type-page","status-publish","has-post-thumbnail","hentry"],"_links":{"self":[{"href":"https:\/\/www.ctai.fr\/index.php?rest_route=\/wp\/v2\/pages\/329","targetHints":{"allow":["GET"]}}],"collection":[{"href":"https:\/\/www.ctai.fr\/index.php?rest_route=\/wp\/v2\/pages"}],"about":[{"href":"https:\/\/www.ctai.fr\/index.php?rest_route=\/wp\/v2\/types\/page"}],"author":[{"embeddable":true,"href":"https:\/\/www.ctai.fr\/index.php?rest_route=\/wp\/v2\/users\/1"}],"replies":[{"embeddable":true,"href":"https:\/\/www.ctai.fr\/index.php?rest_route=%2Fwp%2Fv2%2Fcomments&post=329"}],"version-history":[{"count":43,"href":"https:\/\/www.ctai.fr\/index.php?rest_route=\/wp\/v2\/pages\/329\/revisions"}],"predecessor-version":[{"id":983,"href":"https:\/\/www.ctai.fr\/index.php?rest_route=\/wp\/v2\/pages\/329\/revisions\/983"}],"wp:featuredmedia":[{"embeddable":true,"href":"https:\/\/www.ctai.fr\/index.php?rest_route=\/wp\/v2\/media\/121"}],"wp:attachment":[{"href":"https:\/\/www.ctai.fr\/index.php?rest_route=%2Fwp%2Fv2%2Fmedia&parent=329"}],"curies":[{"name":"wp","href":"https:\/\/api.w.org\/{rel}","templated":true}]}}