{"id":348,"date":"2024-04-17T13:59:25","date_gmt":"2024-04-17T13:59:25","guid":{"rendered":"https:\/\/www.ctai.fr\/?page_id=348"},"modified":"2024-04-22T08:41:37","modified_gmt":"2024-04-22T08:41:37","slug":"editeur-sage","status":"publish","type":"page","link":"https:\/\/www.ctai.fr\/?page_id=348","title":{"rendered":"Editeur SAGE"},"content":{"rendered":"\t\t<div data-elementor-type=\"wp-page\" data-elementor-id=\"348\" class=\"elementor elementor-348\" data-elementor-post-type=\"page\">\n\t\t\t\t<div class=\"elementor-element elementor-element-5cb92b9 e-flex e-con-boxed e-con e-parent\" data-id=\"5cb92b9\" data-element_type=\"container\" data-settings=\"{&quot;background_background&quot;:&quot;gradient&quot;,&quot;shape_divider_bottom&quot;:&quot;waves&quot;}\">\n\t\t\t\t\t<div class=\"e-con-inner\">\n\t\t\t\t<div class=\"elementor-shape elementor-shape-bottom\" data-negative=\"false\">\n\t\t\t<svg xmlns=\"http:\/\/www.w3.org\/2000\/svg\" viewBox=\"0 0 1000 100\" preserveAspectRatio=\"none\">\n\t<path class=\"elementor-shape-fill\" d=\"M421.9,6.5c22.6-2.5,51.5,0.4,75.5,5.3c23.6,4.9,70.9,23.5,100.5,35.7c75.8,32.2,133.7,44.5,192.6,49.7\n\tc23.6,2.1,48.7,3.5,103.4-2.5c54.7-6,106.2-25.6,106.2-25.6V0H0v30.3c0,0,72,32.6,158.4,30.5c39.2-0.7,92.8-6.7,134-22.4\n\tc21.2-8.1,52.2-18.2,79.7-24.2C399.3,7.9,411.6,7.5,421.9,6.5z\"\/>\n<\/svg>\t\t<\/div>\n\t\t\t\t<div class=\"elementor-element elementor-element-dde7a6d elementor-widget elementor-widget-image\" data-id=\"dde7a6d\" data-element_type=\"widget\" data-widget_type=\"image.default\">\n\t\t\t\t<div class=\"elementor-widget-container\">\n\t\t\t<style>\/*! elementor - v3.21.0 - 26-05-2024 *\/\n.elementor-widget-image{text-align:center}.elementor-widget-image a{display:inline-block}.elementor-widget-image a img[src$=\".svg\"]{width:48px}.elementor-widget-image img{vertical-align:middle;display:inline-block}<\/style>\t\t\t\t\t\t\t\t\t\t<img decoding=\"async\" src=\"https:\/\/www.ctai.fr\/wp-content\/uploads\/elementor\/thumbs\/logo-SAGE-qmu4k9jj6rj1b9zew896jcx1kehp7sl8oxuq8ajob4.png\" title=\"logo SAGE\" alt=\"logo SAGE\" loading=\"lazy\" \/>\t\t\t\t\t\t\t\t\t\t\t\t\t<\/div>\n\t\t\t\t<\/div>\n\t\t\t\t<div class=\"elementor-element elementor-element-4827fe54 elementor-widget elementor-widget-heading\" data-id=\"4827fe54\" data-element_type=\"widget\" data-widget_type=\"heading.default\">\n\t\t\t\t<div class=\"elementor-widget-container\">\n\t\t\t<style>\/*! elementor - v3.21.0 - 26-05-2024 *\/\n.elementor-heading-title{padding:0;margin:0;line-height:1}.elementor-widget-heading .elementor-heading-title[class*=elementor-size-]>a{color:inherit;font-size:inherit;line-height:inherit}.elementor-widget-heading .elementor-heading-title.elementor-size-small{font-size:15px}.elementor-widget-heading .elementor-heading-title.elementor-size-medium{font-size:19px}.elementor-widget-heading .elementor-heading-title.elementor-size-large{font-size:29px}.elementor-widget-heading .elementor-heading-title.elementor-size-xl{font-size:39px}.elementor-widget-heading .elementor-heading-title.elementor-size-xxl{font-size:59px}<\/style><h3 class=\"elementor-heading-title elementor-size-default\">Le CTAI partenaire certifi\u00e9 SAGE pour votre entreprise<\/h3>\t\t<\/div>\n\t\t\t\t<\/div>\n\t\t\t\t\t<\/div>\n\t\t\t\t<\/div>\n\t\t<div class=\"elementor-element elementor-element-f62cfe0 e-flex e-con-boxed e-con e-parent\" data-id=\"f62cfe0\" data-element_type=\"container\">\n\t\t\t\t\t<div class=\"e-con-inner\">\n\t\t\t\t<div class=\"elementor-element elementor-element-1388dea elementor-widget elementor-widget-text-editor\" data-id=\"1388dea\" data-element_type=\"widget\" data-widget_type=\"text-editor.default\">\n\t\t\t\t<div class=\"elementor-widget-container\">\n\t\t\t<style>\/*! elementor - v3.21.0 - 26-05-2024 *\/\n.elementor-widget-text-editor.elementor-drop-cap-view-stacked .elementor-drop-cap{background-color:#69727d;color:#fff}.elementor-widget-text-editor.elementor-drop-cap-view-framed .elementor-drop-cap{color:#69727d;border:3px solid;background-color:transparent}.elementor-widget-text-editor:not(.elementor-drop-cap-view-default) .elementor-drop-cap{margin-top:8px}.elementor-widget-text-editor:not(.elementor-drop-cap-view-default) .elementor-drop-cap-letter{width:1em;height:1em}.elementor-widget-text-editor .elementor-drop-cap{float:left;text-align:center;line-height:1;font-size:50px}.elementor-widget-text-editor .elementor-drop-cap-letter{display:inline-block}<\/style>\t\t\t\t<p style=\"text-align: center;\">Partenaire agr\u00e9\u00e9 Sage Petite Entreprise, le CTAI propose des logiciels adapt\u00e9s \u00e0 vos m\u00e9tiers (logiciels de comptabilit\u00e9, gestion commerciale, &#8230;) et intervient dans votre entreprise pour installer, param\u00e9trer et maintenir vos logiciels.<\/p>\t\t\t\t\t\t<\/div>\n\t\t\t\t<\/div>\n\t\t\t\t<div class=\"elementor-element elementor-element-4f106c9 elementor-widget elementor-widget-image\" data-id=\"4f106c9\" data-element_type=\"widget\" data-widget_type=\"image.default\">\n\t\t\t\t<div class=\"elementor-widget-container\">\n\t\t\t\t\t\t\t\t\t\t\t\t\t<img decoding=\"async\" width=\"300\" height=\"59\" src=\"https:\/\/www.ctai.fr\/wp-content\/uploads\/2024\/04\/SAGE-BUSINESS-PARTENAIRE-300x59.jpg\" class=\"attachment-medium size-medium wp-image-257\" alt=\"\" srcset=\"https:\/\/www.ctai.fr\/wp-content\/uploads\/2024\/04\/SAGE-BUSINESS-PARTENAIRE-300x59.jpg 300w, https:\/\/www.ctai.fr\/wp-content\/uploads\/2024\/04\/SAGE-BUSINESS-PARTENAIRE-1024x201.jpg 1024w, https:\/\/www.ctai.fr\/wp-content\/uploads\/2024\/04\/SAGE-BUSINESS-PARTENAIRE-768x150.jpg 768w, https:\/\/www.ctai.fr\/wp-content\/uploads\/2024\/04\/SAGE-BUSINESS-PARTENAIRE.jpg 1322w\" sizes=\"(max-width: 300px) 100vw, 300px\" \/>\t\t\t\t\t\t\t\t\t\t\t\t\t<\/div>\n\t\t\t\t<\/div>\n\t\t\t\t\t<\/div>\n\t\t\t\t<\/div>\n\t\t<div class=\"elementor-element elementor-element-635f7f2 e-flex e-con-boxed e-con e-parent\" data-id=\"635f7f2\" data-element_type=\"container\">\n\t\t\t\t\t<div class=\"e-con-inner\">\n\t\t\t\t<div class=\"elementor-element elementor-element-c824672 elementor-widget elementor-widget-heading\" data-id=\"c824672\" data-element_type=\"widget\" data-widget_type=\"heading.default\">\n\t\t\t\t<div class=\"elementor-widget-container\">\n\t\t\t<h2 class=\"elementor-heading-title elementor-size-default\">\n<\/h2>\t\t<\/div>\n\t\t\t\t<\/div>\n\t\t\t\t\t<\/div>\n\t\t\t\t<\/div>\n\t\t<div class=\"elementor-element elementor-element-f9290f5 e-flex e-con-boxed e-con e-parent\" data-id=\"f9290f5\" data-element_type=\"container\">\n\t\t\t\t\t<div class=\"e-con-inner\">\n\t\t<div class=\"elementor-element elementor-element-8b85dd7 e-con-full e-flex e-con e-child\" data-id=\"8b85dd7\" data-element_type=\"container\">\n\t\t\t\t<div class=\"elementor-element elementor-element-86815a2 elementor-widget elementor-widget-image\" data-id=\"86815a2\" data-element_type=\"widget\" data-widget_type=\"image.default\">\n\t\t\t\t<div class=\"elementor-widget-container\">\n\t\t\t\t\t\t\t\t\t\t\t\t\t<img fetchpriority=\"high\" decoding=\"async\" width=\"266\" height=\"300\" src=\"https:\/\/www.ctai.fr\/wp-content\/uploads\/2024\/04\/BatigestConnectV4-266x300.png\" class=\"attachment-medium size-medium wp-image-511\" alt=\"\" srcset=\"https:\/\/www.ctai.fr\/wp-content\/uploads\/2024\/04\/BatigestConnectV4-266x300.png 266w, https:\/\/www.ctai.fr\/wp-content\/uploads\/2024\/04\/BatigestConnectV4.png 564w\" sizes=\"(max-width: 266px) 100vw, 266px\" \/>\t\t\t\t\t\t\t\t\t\t\t\t\t<\/div>\n\t\t\t\t<\/div>\n\t\t\t\t<\/div>\n\t\t<div class=\"elementor-element elementor-element-9d9909d e-con-full e-flex e-con e-child\" data-id=\"9d9909d\" data-element_type=\"container\">\n\t\t\t\t<div class=\"elementor-element elementor-element-ca6906e elementor-widget elementor-widget-text-editor\" data-id=\"ca6906e\" data-element_type=\"widget\" data-widget_type=\"text-editor.default\">\n\t\t\t\t<div class=\"elementor-widget-container\">\n\t\t\t\t\t\t\t<p>Sage Batigest Connect est un logiciel de gestion BTP destin\u00e9 aux artisans et PME du b\u00e2timent.\u00a0<\/p><p>Batigest Connect couvre tous vos besoins, de l&#8217;\u00e9tude de prix \u00e0 la facturation, en passant par la gestion des travaux et la main d&#8217;oeuvre.\u00a0<\/p>\t\t\t\t\t\t<\/div>\n\t\t\t\t<\/div>\n\t\t\t\t<div class=\"elementor-element elementor-element-4af5798 elementor-align-right elementor-widget elementor-widget-button\" data-id=\"4af5798\" data-element_type=\"widget\" data-widget_type=\"button.default\">\n\t\t\t\t<div class=\"elementor-widget-container\">\n\t\t\t\t\t<div class=\"elementor-button-wrapper\">\n\t\t\t<a class=\"elementor-button elementor-button-link elementor-size-sm\" href=\"https:\/\/www.ctai.fr\/?page_id=251\">\n\t\t\t\t\t\t<span class=\"elementor-button-content-wrapper\">\n\t\t\t\t\t\t\t\t\t<span class=\"elementor-button-text\">Plus d'information<\/span>\n\t\t\t\t\t<\/span>\n\t\t\t\t\t<\/a>\n\t\t<\/div>\n\t\t\t\t<\/div>\n\t\t\t\t<\/div>\n\t\t\t\t<\/div>\n\t\t\t\t\t<\/div>\n\t\t\t\t<\/div>\n\t\t<div class=\"elementor-element elementor-element-fd46fb3 e-flex e-con-boxed e-con e-parent\" data-id=\"fd46fb3\" data-element_type=\"container\">\n\t\t\t\t\t<div class=\"e-con-inner\">\n\t\t<div class=\"elementor-element elementor-element-86b8bbc e-con-full e-flex e-con e-child\" data-id=\"86b8bbc\" data-element_type=\"container\">\n\t\t\t\t<div class=\"elementor-element elementor-element-4910d75 elementor-widget elementor-widget-image\" data-id=\"4910d75\" data-element_type=\"widget\" data-widget_type=\"image.default\">\n\t\t\t\t<div class=\"elementor-widget-container\">\n\t\t\t\t\t\t\t\t\t\t\t\t\t<img decoding=\"async\" src=\"https:\/\/www.ctai.fr\/wp-content\/uploads\/elementor\/thumbs\/sage-50c-ciel-logo-qmw79xrw7cpq0q9k0ilsa5n2e9o8ic62va0nwsl8ls.png\" title=\"sage-50c-ciel-logo\" alt=\"sage-50c-ciel-logo\" loading=\"lazy\" \/>\t\t\t\t\t\t\t\t\t\t\t\t\t<\/div>\n\t\t\t\t<\/div>\n\t\t\t\t<\/div>\n\t\t<div class=\"elementor-element elementor-element-e782db3 e-con-full e-flex e-con e-child\" data-id=\"e782db3\" data-element_type=\"container\">\n\t\t\t\t<div class=\"elementor-element elementor-element-b90535b elementor-widget elementor-widget-text-editor\" data-id=\"b90535b\" data-element_type=\"widget\" data-widget_type=\"text-editor.default\">\n\t\t\t\t<div class=\"elementor-widget-container\">\n\t\t\t\t\t\t\t<p>Sage 50 est une solution de comptabilit\u00e9 et de gestion pour les petites entreprises. Facile \u00e0 utiliser, elle vous fait gagner du temps tout en vous permettant de travailler \u00e0 distance.<\/p>\t\t\t\t\t\t<\/div>\n\t\t\t\t<\/div>\n\t\t\t\t<div class=\"elementor-element elementor-element-13c0db5 elementor-align-right elementor-widget elementor-widget-button\" data-id=\"13c0db5\" data-element_type=\"widget\" data-widget_type=\"button.default\">\n\t\t\t\t<div class=\"elementor-widget-container\">\n\t\t\t\t\t<div class=\"elementor-button-wrapper\">\n\t\t\t<a class=\"elementor-button elementor-button-link elementor-size-sm\" href=\"https:\/\/www.ctai.fr\/?page_id=361\">\n\t\t\t\t\t\t<span class=\"elementor-button-content-wrapper\">\n\t\t\t\t\t\t\t\t\t<span class=\"elementor-button-text\">Plus d'information pour la Compta 50C<\/span>\n\t\t\t\t\t<\/span>\n\t\t\t\t\t<\/a>\n\t\t<\/div>\n\t\t\t\t<\/div>\n\t\t\t\t<\/div>\n\t\t\t\t<div class=\"elementor-element elementor-element-3bad189 elementor-align-right elementor-widget elementor-widget-button\" data-id=\"3bad189\" data-element_type=\"widget\" data-widget_type=\"button.default\">\n\t\t\t\t<div class=\"elementor-widget-container\">\n\t\t\t\t\t<div class=\"elementor-button-wrapper\">\n\t\t\t<a class=\"elementor-button elementor-button-link elementor-size-sm\" href=\"https:\/\/www.ctai.fr\/?page_id=366\">\n\t\t\t\t\t\t<span class=\"elementor-button-content-wrapper\">\n\t\t\t\t\t\t\t\t\t<span class=\"elementor-button-text\">Plus d'information pour la Gestion 50C<\/span>\n\t\t\t\t\t<\/span>\n\t\t\t\t\t<\/a>\n\t\t<\/div>\n\t\t\t\t<\/div>\n\t\t\t\t<\/div>\n\t\t\t\t<\/div>\n\t\t\t\t\t<\/div>\n\t\t\t\t<\/div>\n\t\t\t\t<\/div>\n\t\t","protected":false},"excerpt":{"rendered":"<p>Le CTAI partenaire certifi\u00e9 SAGE pour votre entreprise Partenaire agr\u00e9\u00e9 Sage Petite Entreprise, le CTAI propose des logiciels adapt\u00e9s \u00e0 vos m\u00e9tiers (logiciels de comptabilit\u00e9, gestion commerciale, &#8230;) et intervient dans votre entreprise pour installer, param\u00e9trer et maintenir vos logiciels. Sage Batigest Connect est un logiciel de gestion BTP destin\u00e9 aux artisans et PME du [&hellip;]<\/p>\n","protected":false},"author":1,"featured_media":121,"parent":0,"menu_order":0,"comment_status":"closed","ping_status":"closed","template":"elementor_header_footer","meta":{"footnotes":""},"class_list":["post-348","page","type-page","status-publish","has-post-thumbnail","hentry"],"_links":{"self":[{"href":"https:\/\/www.ctai.fr\/index.php?rest_route=\/wp\/v2\/pages\/348","targetHints":{"allow":["GET"]}}],"collection":[{"href":"https:\/\/www.ctai.fr\/index.php?rest_route=\/wp\/v2\/pages"}],"about":[{"href":"https:\/\/www.ctai.fr\/index.php?rest_route=\/wp\/v2\/types\/page"}],"author":[{"embeddable":true,"href":"https:\/\/www.ctai.fr\/index.php?rest_route=\/wp\/v2\/users\/1"}],"replies":[{"embeddable":true,"href":"https:\/\/www.ctai.fr\/index.php?rest_route=%2Fwp%2Fv2%2Fcomments&post=348"}],"version-history":[{"count":25,"href":"https:\/\/www.ctai.fr\/index.php?rest_route=\/wp\/v2\/pages\/348\/revisions"}],"predecessor-version":[{"id":989,"href":"https:\/\/www.ctai.fr\/index.php?rest_route=\/wp\/v2\/pages\/348\/revisions\/989"}],"wp:featuredmedia":[{"embeddable":true,"href":"https:\/\/www.ctai.fr\/index.php?rest_route=\/wp\/v2\/media\/121"}],"wp:attachment":[{"href":"https:\/\/www.ctai.fr\/index.php?rest_route=%2Fwp%2Fv2%2Fmedia&parent=348"}],"curies":[{"name":"wp","href":"https:\/\/api.w.org\/{rel}","templated":true}]}}