{"id":366,"date":"2024-04-17T14:15:24","date_gmt":"2024-04-17T14:15:24","guid":{"rendered":"https:\/\/www.ctai.fr\/?page_id=366"},"modified":"2024-05-15T13:29:20","modified_gmt":"2024-05-15T13:29:20","slug":"gestion-commerciale-50c","status":"publish","type":"page","link":"https:\/\/www.ctai.fr\/?page_id=366","title":{"rendered":"Gestion Commerciale 50C"},"content":{"rendered":"\t\t<div data-elementor-type=\"wp-page\" data-elementor-id=\"366\" class=\"elementor elementor-366\" data-elementor-post-type=\"page\">\n\t\t\t\t<div class=\"elementor-element elementor-element-5cb92b9 e-flex e-con-boxed e-con e-parent\" data-id=\"5cb92b9\" data-element_type=\"container\" data-settings=\"{&quot;background_background&quot;:&quot;gradient&quot;,&quot;shape_divider_bottom&quot;:&quot;waves&quot;}\">\n\t\t\t\t\t<div class=\"e-con-inner\">\n\t\t\t\t<div class=\"elementor-shape elementor-shape-bottom\" data-negative=\"false\">\n\t\t\t<svg xmlns=\"http:\/\/www.w3.org\/2000\/svg\" viewBox=\"0 0 1000 100\" preserveAspectRatio=\"none\">\n\t<path class=\"elementor-shape-fill\" d=\"M421.9,6.5c22.6-2.5,51.5,0.4,75.5,5.3c23.6,4.9,70.9,23.5,100.5,35.7c75.8,32.2,133.7,44.5,192.6,49.7\n\tc23.6,2.1,48.7,3.5,103.4-2.5c54.7-6,106.2-25.6,106.2-25.6V0H0v30.3c0,0,72,32.6,158.4,30.5c39.2-0.7,92.8-6.7,134-22.4\n\tc21.2-8.1,52.2-18.2,79.7-24.2C399.3,7.9,411.6,7.5,421.9,6.5z\"\/>\n<\/svg>\t\t<\/div>\n\t\t\t\t<div class=\"elementor-element elementor-element-faffc5d elementor-widget elementor-widget-heading\" data-id=\"faffc5d\" data-element_type=\"widget\" data-widget_type=\"heading.default\">\n\t\t\t\t<div class=\"elementor-widget-container\">\n\t\t\t<style>\/*! elementor - v3.21.0 - 26-05-2024 *\/\n.elementor-heading-title{padding:0;margin:0;line-height:1}.elementor-widget-heading .elementor-heading-title[class*=elementor-size-]>a{color:inherit;font-size:inherit;line-height:inherit}.elementor-widget-heading .elementor-heading-title.elementor-size-small{font-size:15px}.elementor-widget-heading .elementor-heading-title.elementor-size-medium{font-size:19px}.elementor-widget-heading .elementor-heading-title.elementor-size-large{font-size:29px}.elementor-widget-heading .elementor-heading-title.elementor-size-xl{font-size:39px}.elementor-widget-heading .elementor-heading-title.elementor-size-xxl{font-size:59px}<\/style><h1 class=\"elementor-heading-title elementor-size-default\"><span style=\"font-size:40.0pt;line-height:115%;\nfont-family:&quot;Calibri&quot;,sans-serif;mso-ascii-theme-font:minor-latin;mso-fareast-font-family:\nCalibri;mso-fareast-theme-font:minor-latin;mso-hansi-theme-font:minor-latin;\nmso-bidi-font-family:&quot;Times New Roman&quot;;mso-bidi-theme-font:minor-bidi;\nmso-ansi-language:FR;mso-fareast-language:EN-US;mso-bidi-language:AR-SA\">Gestion Commerciale 50C<\/span><\/h1>\t\t<\/div>\n\t\t\t\t<\/div>\n\t\t\t\t<div class=\"elementor-element elementor-element-dde7a6d elementor-widget elementor-widget-image\" data-id=\"dde7a6d\" data-element_type=\"widget\" data-widget_type=\"image.default\">\n\t\t\t\t<div class=\"elementor-widget-container\">\n\t\t\t<style>\/*! elementor - v3.21.0 - 26-05-2024 *\/\n.elementor-widget-image{text-align:center}.elementor-widget-image a{display:inline-block}.elementor-widget-image a img[src$=\".svg\"]{width:48px}.elementor-widget-image img{vertical-align:middle;display:inline-block}<\/style>\t\t\t\t\t\t\t\t\t\t<img decoding=\"async\" src=\"https:\/\/www.ctai.fr\/wp-content\/uploads\/elementor\/thumbs\/logo-SAGE-qmu4k9jj6rj1b9zew896jcx1kehp7sl8oxuq8ajob4.png\" title=\"logo SAGE\" alt=\"logo SAGE\" loading=\"lazy\" \/>\t\t\t\t\t\t\t\t\t\t\t\t\t<\/div>\n\t\t\t\t<\/div>\n\t\t\t\t<div class=\"elementor-element elementor-element-4827fe54 elementor-widget elementor-widget-heading\" data-id=\"4827fe54\" data-element_type=\"widget\" data-widget_type=\"heading.default\">\n\t\t\t\t<div class=\"elementor-widget-container\">\n\t\t\t<h3 class=\"elementor-heading-title elementor-size-default\">G\u00e9rez votre entreprise simplement avec Sage 50<\/h3>\t\t<\/div>\n\t\t\t\t<\/div>\n\t\t\t\t\t<\/div>\n\t\t\t\t<\/div>\n\t\t<div class=\"elementor-element elementor-element-2f35a297 e-con-full e-flex e-con e-parent\" data-id=\"2f35a297\" data-element_type=\"container\" data-settings=\"{&quot;background_background&quot;:&quot;classic&quot;}\">\n\t\t\t\t<div class=\"elementor-element elementor-element-6973c51e elementor-widget__width-inherit elementor-widget elementor-widget-text-editor\" data-id=\"6973c51e\" data-element_type=\"widget\" data-widget_type=\"text-editor.default\">\n\t\t\t\t<div class=\"elementor-widget-container\">\n\t\t\t<style>\/*! elementor - v3.21.0 - 26-05-2024 *\/\n.elementor-widget-text-editor.elementor-drop-cap-view-stacked .elementor-drop-cap{background-color:#69727d;color:#fff}.elementor-widget-text-editor.elementor-drop-cap-view-framed .elementor-drop-cap{color:#69727d;border:3px solid;background-color:transparent}.elementor-widget-text-editor:not(.elementor-drop-cap-view-default) .elementor-drop-cap{margin-top:8px}.elementor-widget-text-editor:not(.elementor-drop-cap-view-default) .elementor-drop-cap-letter{width:1em;height:1em}.elementor-widget-text-editor .elementor-drop-cap{float:left;text-align:center;line-height:1;font-size:50px}.elementor-widget-text-editor .elementor-drop-cap-letter{display:inline-block}<\/style>\t\t\t\t<p><strong>G\u00e9rez en mobilit\u00e9<\/strong><\/p><p>Sauvegardez et acc\u00e9dez \u00e0 vos donn\u00e9es gr\u00e2ce \u00e0 un h\u00e9bergement s\u00e9curis\u00e9 dans le cloud.<\/p><p><strong>Gagnez du temps<\/strong><\/p><p>Utilisez les automatismes pour vous d\u00e9barrasser des t\u00e2ches chronophages.<\/p><p><strong>Restez en conformit\u00e9<\/strong><\/p><p>Sage 50 Gestion Commerciale met \u00e0 jour les conformit\u00e9s l\u00e9gales automatiquement et gratuitement.<\/p><p><strong>Adaptez la solution<\/strong><\/p><p>Personnalisez la solution \u00e0 vos besoins et cr\u00e9ez des r\u00e8gles qui vous conviennent.<\/p><p><strong>Simplifiez les finances de votre entreprise<\/strong><\/p><p>Stockage s\u00e9curis\u00e9<\/p><p>Des reportings pr\u00e9cis<\/p><p>Gestion des relances clients<\/p><p>Traitement de factures<\/p><p>Gestion des stocks<\/p>\t\t\t\t\t\t<\/div>\n\t\t\t\t<\/div>\n\t\t\t\t<div class=\"elementor-element elementor-element-ad47100 elementor-widget elementor-widget-image\" data-id=\"ad47100\" data-element_type=\"widget\" data-widget_type=\"image.default\">\n\t\t\t\t<div class=\"elementor-widget-container\">\n\t\t\t\t\t\t\t\t\t\t\t\t\t<img fetchpriority=\"high\" decoding=\"async\" width=\"694\" height=\"498\" src=\"https:\/\/www.ctai.fr\/wp-content\/uploads\/2024\/04\/Gestion_50c-1.png\" class=\"attachment-1536x1536 size-1536x1536 wp-image-377\" alt=\"\" srcset=\"https:\/\/www.ctai.fr\/wp-content\/uploads\/2024\/04\/Gestion_50c-1.png 694w, https:\/\/www.ctai.fr\/wp-content\/uploads\/2024\/04\/Gestion_50c-1-300x215.png 300w\" sizes=\"(max-width: 694px) 100vw, 694px\" \/>\t\t\t\t\t\t\t\t\t\t\t\t\t<\/div>\n\t\t\t\t<\/div>\n\t\t\t\t<div class=\"elementor-element elementor-element-9f21d1c elementor-widget elementor-widget-image\" data-id=\"9f21d1c\" data-element_type=\"widget\" data-widget_type=\"image.default\">\n\t\t\t\t<div class=\"elementor-widget-container\">\n\t\t\t\t\t\t\t\t\t\t\t\t\t<img decoding=\"async\" width=\"768\" height=\"150\" src=\"https:\/\/www.ctai.fr\/wp-content\/uploads\/2024\/04\/SAGE-BUSINESS-PARTENAIRE-768x150.jpg\" class=\"attachment-medium_large size-medium_large wp-image-257\" alt=\"\" srcset=\"https:\/\/www.ctai.fr\/wp-content\/uploads\/2024\/04\/SAGE-BUSINESS-PARTENAIRE-768x150.jpg 768w, https:\/\/www.ctai.fr\/wp-content\/uploads\/2024\/04\/SAGE-BUSINESS-PARTENAIRE-300x59.jpg 300w, https:\/\/www.ctai.fr\/wp-content\/uploads\/2024\/04\/SAGE-BUSINESS-PARTENAIRE-1024x201.jpg 1024w, https:\/\/www.ctai.fr\/wp-content\/uploads\/2024\/04\/SAGE-BUSINESS-PARTENAIRE.jpg 1322w\" sizes=\"(max-width: 768px) 100vw, 768px\" \/>\t\t\t\t\t\t\t\t\t\t\t\t\t<\/div>\n\t\t\t\t<\/div>\n\t\t\t\t<\/div>\n\t\t\t\t<\/div>\n\t\t","protected":false},"excerpt":{"rendered":"<p>Gestion Commerciale 50C G\u00e9rez votre entreprise simplement avec Sage 50 G\u00e9rez en mobilit\u00e9 Sauvegardez et acc\u00e9dez \u00e0 vos donn\u00e9es gr\u00e2ce \u00e0 un h\u00e9bergement s\u00e9curis\u00e9 dans le cloud. Gagnez du temps Utilisez les automatismes pour vous d\u00e9barrasser des t\u00e2ches chronophages. Restez en conformit\u00e9 Sage 50 Gestion Commerciale met \u00e0 jour les conformit\u00e9s l\u00e9gales automatiquement et gratuitement. [&hellip;]<\/p>\n","protected":false},"author":1,"featured_media":121,"parent":0,"menu_order":0,"comment_status":"closed","ping_status":"closed","template":"elementor_header_footer","meta":{"footnotes":""},"class_list":["post-366","page","type-page","status-publish","has-post-thumbnail","hentry"],"_links":{"self":[{"href":"https:\/\/www.ctai.fr\/index.php?rest_route=\/wp\/v2\/pages\/366","targetHints":{"allow":["GET"]}}],"collection":[{"href":"https:\/\/www.ctai.fr\/index.php?rest_route=\/wp\/v2\/pages"}],"about":[{"href":"https:\/\/www.ctai.fr\/index.php?rest_route=\/wp\/v2\/types\/page"}],"author":[{"embeddable":true,"href":"https:\/\/www.ctai.fr\/index.php?rest_route=\/wp\/v2\/users\/1"}],"replies":[{"embeddable":true,"href":"https:\/\/www.ctai.fr\/index.php?rest_route=%2Fwp%2Fv2%2Fcomments&post=366"}],"version-history":[{"count":31,"href":"https:\/\/www.ctai.fr\/index.php?rest_route=\/wp\/v2\/pages\/366\/revisions"}],"predecessor-version":[{"id":1325,"href":"https:\/\/www.ctai.fr\/index.php?rest_route=\/wp\/v2\/pages\/366\/revisions\/1325"}],"wp:featuredmedia":[{"embeddable":true,"href":"https:\/\/www.ctai.fr\/index.php?rest_route=\/wp\/v2\/media\/121"}],"wp:attachment":[{"href":"https:\/\/www.ctai.fr\/index.php?rest_route=%2Fwp%2Fv2%2Fmedia&parent=366"}],"curies":[{"name":"wp","href":"https:\/\/api.w.org\/{rel}","templated":true}]}}