{"id":46,"date":"2024-04-16T14:48:13","date_gmt":"2024-04-16T14:48:13","guid":{"rendered":"https:\/\/www.ctai.fr\/?page_id=46"},"modified":"2024-05-15T14:17:20","modified_gmt":"2024-05-15T14:17:20","slug":"home","status":"publish","type":"page","link":"https:\/\/www.ctai.fr\/","title":{"rendered":"Accueil"},"content":{"rendered":"\t\t<div data-elementor-type=\"wp-page\" data-elementor-id=\"46\" class=\"elementor elementor-46\" data-elementor-post-type=\"page\">\n\t\t\t\t<div class=\"elementor-element elementor-element-7019e30c e-flex e-con-boxed e-con e-parent\" data-id=\"7019e30c\" data-element_type=\"container\" data-settings=\"{&quot;background_background&quot;:&quot;gradient&quot;,&quot;shape_divider_bottom&quot;:&quot;waves&quot;}\">\n\t\t\t\t\t<div class=\"e-con-inner\">\n\t\t\t\t<div class=\"elementor-shape elementor-shape-bottom\" data-negative=\"false\">\n\t\t\t<svg xmlns=\"http:\/\/www.w3.org\/2000\/svg\" viewBox=\"0 0 1000 100\" preserveAspectRatio=\"none\">\n\t<path class=\"elementor-shape-fill\" d=\"M421.9,6.5c22.6-2.5,51.5,0.4,75.5,5.3c23.6,4.9,70.9,23.5,100.5,35.7c75.8,32.2,133.7,44.5,192.6,49.7\n\tc23.6,2.1,48.7,3.5,103.4-2.5c54.7-6,106.2-25.6,106.2-25.6V0H0v30.3c0,0,72,32.6,158.4,30.5c39.2-0.7,92.8-6.7,134-22.4\n\tc21.2-8.1,52.2-18.2,79.7-24.2C399.3,7.9,411.6,7.5,421.9,6.5z\"\/>\n<\/svg>\t\t<\/div>\n\t\t<div class=\"elementor-element elementor-element-fedc5af e-con-full e-flex e-con e-child\" data-id=\"fedc5af\" data-element_type=\"container\">\n\t\t\t\t<div class=\"elementor-element elementor-element-2e67ad5d elementor-widget elementor-widget-heading\" data-id=\"2e67ad5d\" data-element_type=\"widget\" data-widget_type=\"heading.default\">\n\t\t\t\t<div class=\"elementor-widget-container\">\n\t\t\t<style>\/*! elementor - v3.21.0 - 26-05-2024 *\/\n.elementor-heading-title{padding:0;margin:0;line-height:1}.elementor-widget-heading .elementor-heading-title[class*=elementor-size-]>a{color:inherit;font-size:inherit;line-height:inherit}.elementor-widget-heading .elementor-heading-title.elementor-size-small{font-size:15px}.elementor-widget-heading .elementor-heading-title.elementor-size-medium{font-size:19px}.elementor-widget-heading .elementor-heading-title.elementor-size-large{font-size:29px}.elementor-widget-heading .elementor-heading-title.elementor-size-xl{font-size:39px}.elementor-widget-heading .elementor-heading-title.elementor-size-xxl{font-size:59px}<\/style><h1 class=\"elementor-heading-title elementor-size-default\">Donnez une nouvelle dimension \u00e0 votre entreprise avec le CTAI<\/h1>\t\t<\/div>\n\t\t\t\t<\/div>\n\t\t\t\t<div class=\"elementor-element elementor-element-54720c04 elementor-widget elementor-widget-text-editor\" data-id=\"54720c04\" data-element_type=\"widget\" data-widget_type=\"text-editor.default\">\n\t\t\t\t<div class=\"elementor-widget-container\">\n\t\t\t<style>\/*! elementor - v3.21.0 - 26-05-2024 *\/\n.elementor-widget-text-editor.elementor-drop-cap-view-stacked .elementor-drop-cap{background-color:#69727d;color:#fff}.elementor-widget-text-editor.elementor-drop-cap-view-framed .elementor-drop-cap{color:#69727d;border:3px solid;background-color:transparent}.elementor-widget-text-editor:not(.elementor-drop-cap-view-default) .elementor-drop-cap{margin-top:8px}.elementor-widget-text-editor:not(.elementor-drop-cap-view-default) .elementor-drop-cap-letter{width:1em;height:1em}.elementor-widget-text-editor .elementor-drop-cap{float:left;text-align:center;line-height:1;font-size:50px}.elementor-widget-text-editor .elementor-drop-cap-letter{display:inline-block}<\/style>\t\t\t\t<h4>Votre sp\u00e9cialiste r\u00e9gional dans les technologies informatiques depuis 1984<\/h4>\t\t\t\t\t\t<\/div>\n\t\t\t\t<\/div>\n\t\t\t\t<\/div>\n\t\t<div class=\"elementor-element elementor-element-13c06475 e-con-full e-flex e-con e-child\" data-id=\"13c06475\" data-element_type=\"container\">\n\t\t\t\t<div class=\"elementor-element elementor-element-3bb6a340 elementor-widget elementor-widget-image\" data-id=\"3bb6a340\" data-element_type=\"widget\" data-settings=\"{&quot;motion_fx_motion_fx_scrolling&quot;:&quot;yes&quot;,&quot;motion_fx_translateY_effect&quot;:&quot;yes&quot;,&quot;motion_fx_translateY_speed&quot;:{&quot;unit&quot;:&quot;px&quot;,&quot;size&quot;:&quot;1&quot;,&quot;sizes&quot;:[]},&quot;_animation&quot;:&quot;none&quot;,&quot;motion_fx_translateY_affectedRange&quot;:{&quot;unit&quot;:&quot;%&quot;,&quot;size&quot;:&quot;&quot;,&quot;sizes&quot;:{&quot;start&quot;:0,&quot;end&quot;:100}},&quot;motion_fx_devices&quot;:[&quot;desktop&quot;,&quot;tablet&quot;,&quot;mobile&quot;]}\" data-widget_type=\"image.default\">\n\t\t\t\t<div class=\"elementor-widget-container\">\n\t\t\t<style>\/*! elementor - v3.21.0 - 26-05-2024 *\/\n.elementor-widget-image{text-align:center}.elementor-widget-image a{display:inline-block}.elementor-widget-image a img[src$=\".svg\"]{width:48px}.elementor-widget-image img{vertical-align:middle;display:inline-block}<\/style>\t\t\t\t\t\t\t\t\t\t<img fetchpriority=\"high\" decoding=\"async\" width=\"750\" height=\"676\" src=\"https:\/\/www.ctai.fr\/wp-content\/uploads\/2024\/04\/image_accueil.jpg\" class=\"attachment-full size-full wp-image-656\" alt=\"\" srcset=\"https:\/\/www.ctai.fr\/wp-content\/uploads\/2024\/04\/image_accueil.jpg 750w, https:\/\/www.ctai.fr\/wp-content\/uploads\/2024\/04\/image_accueil-300x270.jpg 300w\" sizes=\"(max-width: 750px) 100vw, 750px\" \/>\t\t\t\t\t\t\t\t\t\t\t\t\t<\/div>\n\t\t\t\t<\/div>\n\t\t\t\t<\/div>\n\t\t\t\t\t<\/div>\n\t\t\t\t<\/div>\n\t\t<div class=\"elementor-element elementor-element-768b0e5 e-flex e-con-boxed e-con e-parent\" data-id=\"768b0e5\" data-element_type=\"container\">\n\t\t\t\t\t<div class=\"e-con-inner\">\n\t\t\t\t<div class=\"elementor-element elementor-element-f73d1e2 elementor-widget elementor-widget-heading\" data-id=\"f73d1e2\" data-element_type=\"widget\" data-widget_type=\"heading.default\">\n\t\t\t\t<div class=\"elementor-widget-container\">\n\t\t\t<h2 class=\"elementor-heading-title elementor-size-default\">Domaines de comp\u00e9tences<\/h2>\t\t<\/div>\n\t\t\t\t<\/div>\n\t\t<div class=\"elementor-element elementor-element-044d8a1 e-flex e-con-boxed e-con e-child\" data-id=\"044d8a1\" data-element_type=\"container\">\n\t\t\t\t\t<div class=\"e-con-inner\">\n\t\t<div class=\"elementor-element elementor-element-7b4a3b9 e-con-full e-flex e-con e-child\" data-id=\"7b4a3b9\" data-element_type=\"container\">\n\t\t\t\t<div class=\"elementor-element elementor-element-ee5bc31 elementor-widget elementor-widget-image\" data-id=\"ee5bc31\" data-element_type=\"widget\" data-widget_type=\"image.default\">\n\t\t\t\t<div class=\"elementor-widget-container\">\n\t\t\t\t\t\t\t\t\t\t\t\t\t\t<a href=\"https:\/\/www.ctai.fr\/?page_id=266\">\n\t\t\t\t\t\t\t<img decoding=\"async\" src=\"https:\/\/www.ctai.fr\/wp-content\/uploads\/elementor\/thumbs\/Look-Batigest-i7-qmxo0df48ir5mzv5esc34mcljkrod6l2xckeg3t6mo.jpg\" title=\"Logiciels\" alt=\"Logiciels\" loading=\"lazy\" \/>\t\t\t\t\t\t\t\t<\/a>\n\t\t\t\t\t\t\t\t\t\t\t\t\t<\/div>\n\t\t\t\t<\/div>\n\t\t\t\t<div class=\"elementor-element elementor-element-2d4dbd7 elementor-widget elementor-widget-heading\" data-id=\"2d4dbd7\" data-element_type=\"widget\" data-widget_type=\"heading.default\">\n\t\t\t\t<div class=\"elementor-widget-container\">\n\t\t\t<h4 class=\"elementor-heading-title elementor-size-default\"><a href=\"https:\/\/www.ctai.fr\/?page_id=266\">Logiciels<\/a><\/h4>\t\t<\/div>\n\t\t\t\t<\/div>\n\t\t\t\t<\/div>\n\t\t<div class=\"elementor-element elementor-element-6b0f09b e-con-full e-flex e-con e-child\" data-id=\"6b0f09b\" data-element_type=\"container\">\n\t\t\t\t<div class=\"elementor-element elementor-element-f9ed452 elementor-widget elementor-widget-image\" data-id=\"f9ed452\" data-element_type=\"widget\" data-widget_type=\"image.default\">\n\t\t\t\t<div class=\"elementor-widget-container\">\n\t\t\t\t\t\t\t\t\t\t\t\t\t\t<a href=\"https:\/\/www.ctai.fr\/?page_id=341\">\n\t\t\t\t\t\t\t<img decoding=\"async\" src=\"https:\/\/www.ctai.fr\/wp-content\/uploads\/elementor\/thumbs\/prog-qmuh7hrknj5jtt3pits6g1dxad7dawcadhuo6po6vk.jpg\" title=\"D\u00e9veloppement d&#8217;applications\" alt=\"D\u00e9veloppement d&#039;applications\" loading=\"lazy\" \/>\t\t\t\t\t\t\t\t<\/a>\n\t\t\t\t\t\t\t\t\t\t\t\t\t<\/div>\n\t\t\t\t<\/div>\n\t\t\t\t<div class=\"elementor-element elementor-element-25303d6 elementor-widget elementor-widget-heading\" data-id=\"25303d6\" data-element_type=\"widget\" data-widget_type=\"heading.default\">\n\t\t\t\t<div class=\"elementor-widget-container\">\n\t\t\t<h4 class=\"elementor-heading-title elementor-size-default\"><a href=\"https:\/\/www.ctai.fr\/?page_id=341\">D\u00e9veloppement d'applications<\/a><\/h4>\t\t<\/div>\n\t\t\t\t<\/div>\n\t\t\t\t<\/div>\n\t\t<div class=\"elementor-element elementor-element-2b6fcb0 e-con-full e-flex e-con e-child\" data-id=\"2b6fcb0\" data-element_type=\"container\">\n\t\t\t\t<div class=\"elementor-element elementor-element-8708f69 elementor-widget elementor-widget-image\" data-id=\"8708f69\" data-element_type=\"widget\" data-widget_type=\"image.default\">\n\t\t\t\t<div class=\"elementor-widget-container\">\n\t\t\t\t\t\t\t\t\t\t\t\t\t\t<a href=\"https:\/\/www.ctai.fr\/?page_id=220\">\n\t\t\t\t\t\t\t<img decoding=\"async\" src=\"https:\/\/www.ctai.fr\/wp-content\/uploads\/elementor\/thumbs\/laptop-graphics-tablet-desk-scaled-qmxivp2nhby2l248sgjuqq1bx90j20flvab31zmr4g.jpg\" title=\"Mat\u00e9riel\" alt=\"Mat\u00e9riel\" loading=\"lazy\" \/>\t\t\t\t\t\t\t\t<\/a>\n\t\t\t\t\t\t\t\t\t\t\t\t\t<\/div>\n\t\t\t\t<\/div>\n\t\t\t\t<div class=\"elementor-element elementor-element-9da5c46 elementor-widget elementor-widget-heading\" data-id=\"9da5c46\" data-element_type=\"widget\" data-widget_type=\"heading.default\">\n\t\t\t\t<div class=\"elementor-widget-container\">\n\t\t\t<h4 class=\"elementor-heading-title elementor-size-default\"><a href=\"https:\/\/www.ctai.fr\/?page_id=220\">Mat\u00e9riel<\/a><\/h4>\t\t<\/div>\n\t\t\t\t<\/div>\n\t\t\t\t<\/div>\n\t\t<div class=\"elementor-element elementor-element-245fba6 e-con-full e-flex e-con e-child\" data-id=\"245fba6\" data-element_type=\"container\">\n\t\t\t\t<div class=\"elementor-element elementor-element-934964b elementor-widget elementor-widget-image\" data-id=\"934964b\" data-element_type=\"widget\" data-widget_type=\"image.default\">\n\t\t\t\t<div class=\"elementor-widget-container\">\n\t\t\t\t\t\t\t\t\t\t\t\t\t\t<a href=\"https:\/\/www.ctai.fr\/?page_id=624\">\n\t\t\t\t\t\t\t<img decoding=\"async\" src=\"https:\/\/www.ctai.fr\/wp-content\/uploads\/elementor\/thumbs\/web-design-technology-browsing-programming-concept-scaled-qmxgkukr40j9acghk5cmh4nr1ncvmejat8bfb0gxjk.jpg\" title=\"Cr\u00e9ation de sites\" alt=\"Cr\u00e9ation de sites\" loading=\"lazy\" \/>\t\t\t\t\t\t\t\t<\/a>\n\t\t\t\t\t\t\t\t\t\t\t\t\t<\/div>\n\t\t\t\t<\/div>\n\t\t\t\t<div class=\"elementor-element elementor-element-ecba84b elementor-widget elementor-widget-heading\" data-id=\"ecba84b\" data-element_type=\"widget\" data-widget_type=\"heading.default\">\n\t\t\t\t<div class=\"elementor-widget-container\">\n\t\t\t<h4 class=\"elementor-heading-title elementor-size-default\"><a href=\"https:\/\/www.ctai.fr\/?page_id=624\">Cr\u00e9ation de sites<\/a><\/h4>\t\t<\/div>\n\t\t\t\t<\/div>\n\t\t\t\t<\/div>\n\t\t<div class=\"elementor-element elementor-element-535c651 e-con-full e-flex e-con e-child\" data-id=\"535c651\" data-element_type=\"container\">\n\t\t\t\t<div class=\"elementor-element elementor-element-e655e64 elementor-widget elementor-widget-image\" data-id=\"e655e64\" data-element_type=\"widget\" data-widget_type=\"image.default\">\n\t\t\t\t<div class=\"elementor-widget-container\">\n\t\t\t\t\t\t\t\t\t\t\t\t\t\t<a href=\"https:\/\/www.ctai.fr\/?page_id=303\">\n\t\t\t\t\t\t\t<img decoding=\"async\" src=\"https:\/\/www.ctai.fr\/wp-content\/uploads\/elementor\/thumbs\/collegues-travaillant-ensemble-dans-bureau-centre-appels-cafe_23-2149256070-qmu4kmp7eqhbiztelpkjcbkskt5zftkeu4supa3nww.jpg\" title=\"Assistance\" alt=\"Assistance\" loading=\"lazy\" \/>\t\t\t\t\t\t\t\t<\/a>\n\t\t\t\t\t\t\t\t\t\t\t\t\t<\/div>\n\t\t\t\t<\/div>\n\t\t\t\t<div class=\"elementor-element elementor-element-e2e94ca elementor-widget elementor-widget-heading\" data-id=\"e2e94ca\" data-element_type=\"widget\" data-widget_type=\"heading.default\">\n\t\t\t\t<div class=\"elementor-widget-container\">\n\t\t\t<h4 class=\"elementor-heading-title elementor-size-default\"><a href=\"https:\/\/www.ctai.fr\/?page_id=303\">Assistance<\/a><\/h4>\t\t<\/div>\n\t\t\t\t<\/div>\n\t\t\t\t<\/div>\n\t\t<div class=\"elementor-element elementor-element-7f28514 e-con-full e-flex e-con e-child\" data-id=\"7f28514\" data-element_type=\"container\">\n\t\t\t\t<div class=\"elementor-element elementor-element-4d3dba2 elementor-widget elementor-widget-image\" data-id=\"4d3dba2\" data-element_type=\"widget\" data-widget_type=\"image.default\">\n\t\t\t\t<div class=\"elementor-widget-container\">\n\t\t\t\t\t\t\t\t\t\t\t\t\t\t<a href=\"https:\/\/www.ctai.fr\/?page_id=308\">\n\t\t\t\t\t\t\t<img decoding=\"async\" src=\"https:\/\/www.ctai.fr\/wp-content\/uploads\/elementor\/thumbs\/website-hosting-concept-with-bright-light-scaled-qmug4ka7ljv0z7nfuhzfod1nkv33i6si0t5pn5e6kw.jpg\" title=\"Infog\u00e9rance\" alt=\"Infog\u00e9rance\" loading=\"lazy\" \/>\t\t\t\t\t\t\t\t<\/a>\n\t\t\t\t\t\t\t\t\t\t\t\t\t<\/div>\n\t\t\t\t<\/div>\n\t\t\t\t<div class=\"elementor-element elementor-element-9183e54 elementor-widget elementor-widget-heading\" data-id=\"9183e54\" data-element_type=\"widget\" data-widget_type=\"heading.default\">\n\t\t\t\t<div class=\"elementor-widget-container\">\n\t\t\t<h4 class=\"elementor-heading-title elementor-size-default\"><a href=\"https:\/\/www.ctai.fr\/?page_id=308\">Infog\u00e9rance<\/a><\/h4>\t\t<\/div>\n\t\t\t\t<\/div>\n\t\t\t\t<\/div>\n\t\t<div class=\"elementor-element elementor-element-9e62733 e-con-full e-flex e-con e-child\" data-id=\"9e62733\" data-element_type=\"container\">\n\t\t\t\t<div class=\"elementor-element elementor-element-c78a7f7 elementor-widget elementor-widget-image\" data-id=\"c78a7f7\" data-element_type=\"widget\" data-widget_type=\"image.default\">\n\t\t\t\t<div class=\"elementor-widget-container\">\n\t\t\t\t\t\t\t\t\t\t\t\t\t\t<a href=\"https:\/\/www.ctai.fr\/?page_id=546\">\n\t\t\t\t\t\t\t<img decoding=\"async\" src=\"https:\/\/www.ctai.fr\/wp-content\/uploads\/elementor\/thumbs\/joyful-workers-their-office-scaled-qmw95xflc30inwoqx2fl20z0m4slwaukxhppgvttjk.jpg\" title=\"Service \u00e0 la personne\" alt=\"Service \u00e0 la personne\" loading=\"lazy\" \/>\t\t\t\t\t\t\t\t<\/a>\n\t\t\t\t\t\t\t\t\t\t\t\t\t<\/div>\n\t\t\t\t<\/div>\n\t\t\t\t<div class=\"elementor-element elementor-element-b9ec6bc elementor-widget elementor-widget-heading\" data-id=\"b9ec6bc\" data-element_type=\"widget\" data-widget_type=\"heading.default\">\n\t\t\t\t<div class=\"elementor-widget-container\">\n\t\t\t<h4 class=\"elementor-heading-title elementor-size-default\"><a href=\"https:\/\/www.ctai.fr\/?page_id=546\">Service \u00e0 la personne<\/a><\/h4>\t\t<\/div>\n\t\t\t\t<\/div>\n\t\t\t\t<\/div>\n\t\t<div class=\"elementor-element elementor-element-9f51f9c e-con-full e-flex e-con e-child\" data-id=\"9f51f9c\" data-element_type=\"container\">\n\t\t\t\t<div class=\"elementor-element elementor-element-fefbb9b elementor-widget elementor-widget-image\" data-id=\"fefbb9b\" data-element_type=\"widget\" data-widget_type=\"image.default\">\n\t\t\t\t<div class=\"elementor-widget-container\">\n\t\t\t\t\t\t\t\t\t\t\t\t\t\t<a href=\"https:\/\/www.ctai.fr\/?page_id=320\">\n\t\t\t\t\t\t\t<img decoding=\"async\" src=\"https:\/\/www.ctai.fr\/wp-content\/uploads\/elementor\/thumbs\/group-diverse-people-having-business-meeting-scaled-qmugifeiekua85ifvzqbyd3f0gr01gtyxfkjh2u4sw.jpg\" title=\"Formation\" alt=\"Formation\" loading=\"lazy\" \/>\t\t\t\t\t\t\t\t<\/a>\n\t\t\t\t\t\t\t\t\t\t\t\t\t<\/div>\n\t\t\t\t<\/div>\n\t\t\t\t<div class=\"elementor-element elementor-element-eb448b1 elementor-widget elementor-widget-heading\" data-id=\"eb448b1\" data-element_type=\"widget\" data-widget_type=\"heading.default\">\n\t\t\t\t<div class=\"elementor-widget-container\">\n\t\t\t<h4 class=\"elementor-heading-title elementor-size-default\"><a href=\"https:\/\/www.ctai.fr\/?page_id=320\">CTAI Formation<\/a><\/h4>\t\t<\/div>\n\t\t\t\t<\/div>\n\t\t\t\t<\/div>\n\t\t\t\t\t<\/div>\n\t\t\t\t<\/div>\n\t\t\t\t\t<\/div>\n\t\t\t\t<\/div>\n\t\t<div class=\"elementor-element elementor-element-e480b6d e-flex e-con-boxed e-con e-parent\" data-id=\"e480b6d\" data-element_type=\"container\">\n\t\t\t\t\t<div class=\"e-con-inner\">\n\t\t\t\t<div class=\"elementor-element elementor-element-f00b9c6 elementor-widget elementor-widget-heading\" data-id=\"f00b9c6\" data-element_type=\"widget\" data-widget_type=\"heading.default\">\n\t\t\t\t<div class=\"elementor-widget-container\">\n\t\t\t<h2 class=\"elementor-heading-title elementor-size-default\">Actualit\u00e9s<\/h2>\t\t<\/div>\n\t\t\t\t<\/div>\n\t\t\t\t<div class=\"elementor-element elementor-element-c80acf0 elementor-grid-4 elementor-grid-tablet-2 elementor-grid-mobile-1 elementor-posts--thumbnail-top elementor-widget elementor-widget-posts\" data-id=\"c80acf0\" data-element_type=\"widget\" data-settings=\"{&quot;classic_columns&quot;:&quot;4&quot;,&quot;classic_columns_tablet&quot;:&quot;2&quot;,&quot;classic_columns_mobile&quot;:&quot;1&quot;,&quot;classic_row_gap&quot;:{&quot;unit&quot;:&quot;px&quot;,&quot;size&quot;:35,&quot;sizes&quot;:[]},&quot;classic_row_gap_tablet&quot;:{&quot;unit&quot;:&quot;px&quot;,&quot;size&quot;:&quot;&quot;,&quot;sizes&quot;:[]},&quot;classic_row_gap_mobile&quot;:{&quot;unit&quot;:&quot;px&quot;,&quot;size&quot;:&quot;&quot;,&quot;sizes&quot;:[]}}\" data-widget_type=\"posts.classic\">\n\t\t\t\t<div class=\"elementor-widget-container\">\n\t\t\t<link rel=\"stylesheet\" href=\"https:\/\/www.ctai.fr\/wp-content\/plugins\/elementor-pro\/assets\/css\/widget-posts.min.css\">\t\t<div class=\"elementor-posts-container elementor-posts elementor-posts--skin-classic elementor-grid\">\n\t\t\t\t<article class=\"elementor-post elementor-grid-item post-1221 post type-post status-publish format-standard has-post-thumbnail hentry category-uncategorized\">\n\t\t\t\t<a class=\"elementor-post__thumbnail__link\" href=\"https:\/\/www.ctai.fr\/?p=1221\" tabindex=\"-1\" >\n\t\t\t<div class=\"elementor-post__thumbnail\"><img decoding=\"async\" width=\"300\" height=\"202\" src=\"https:\/\/www.ctai.fr\/wp-content\/uploads\/2024\/04\/Bruppacher-300x202.jpg\" class=\"attachment-medium size-medium wp-image-1222\" alt=\"\" srcset=\"https:\/\/www.ctai.fr\/wp-content\/uploads\/2024\/04\/Bruppacher-300x202.jpg 300w, https:\/\/www.ctai.fr\/wp-content\/uploads\/2024\/04\/Bruppacher-1024x689.jpg 1024w, https:\/\/www.ctai.fr\/wp-content\/uploads\/2024\/04\/Bruppacher-768x517.jpg 768w, https:\/\/www.ctai.fr\/wp-content\/uploads\/2024\/04\/Bruppacher.jpg 1114w\" sizes=\"(max-width: 300px) 100vw, 300px\" \/><\/div>\n\t\t<\/a>\n\t\t\t\t<div class=\"elementor-post__text\">\n\t\t\t\t<h3 class=\"elementor-post__title\">\n\t\t\t<a href=\"https:\/\/www.ctai.fr\/?p=1221\" >\n\t\t\t\tInauguration du Hall de production Menuiserie BRUPPACHER\t\t\t<\/a>\n\t\t<\/h3>\n\t\t\n\t\t<a class=\"elementor-post__read-more\" href=\"https:\/\/www.ctai.fr\/?p=1221\" aria-label=\"Read more about Inauguration du Hall de production Menuiserie BRUPPACHER\" tabindex=\"-1\" >\n\t\t\tLire la suite \u00bb\t\t<\/a>\n\n\t\t\t\t<\/div>\n\t\t\t\t<\/article>\n\t\t\t\t<article class=\"elementor-post elementor-grid-item post-1216 post type-post status-publish format-standard has-post-thumbnail hentry category-uncategorized\">\n\t\t\t\t<a class=\"elementor-post__thumbnail__link\" href=\"https:\/\/www.ctai.fr\/?p=1216\" tabindex=\"-1\" >\n\t\t\t<div class=\"elementor-post__thumbnail\"><img decoding=\"async\" width=\"300\" height=\"201\" src=\"https:\/\/www.ctai.fr\/wp-content\/uploads\/2024\/04\/Bastien_Iannis-300x201.jpg\" class=\"attachment-medium size-medium wp-image-1224\" alt=\"\" srcset=\"https:\/\/www.ctai.fr\/wp-content\/uploads\/2024\/04\/Bastien_Iannis-300x201.jpg 300w, https:\/\/www.ctai.fr\/wp-content\/uploads\/2024\/04\/Bastien_Iannis-1024x686.jpg 1024w, https:\/\/www.ctai.fr\/wp-content\/uploads\/2024\/04\/Bastien_Iannis-768x514.jpg 768w, https:\/\/www.ctai.fr\/wp-content\/uploads\/2024\/04\/Bastien_Iannis-1536x1029.jpg 1536w, https:\/\/www.ctai.fr\/wp-content\/uploads\/2024\/04\/Bastien_Iannis.jpg 1666w\" sizes=\"(max-width: 300px) 100vw, 300px\" \/><\/div>\n\t\t<\/a>\n\t\t\t\t<div class=\"elementor-post__text\">\n\t\t\t\t<h3 class=\"elementor-post__title\">\n\t\t\t<a href=\"https:\/\/www.ctai.fr\/?p=1216\" >\n\t\t\t\tLe CTAI renforce son \u00e9quipe\t\t\t<\/a>\n\t\t<\/h3>\n\t\t\n\t\t<a class=\"elementor-post__read-more\" href=\"https:\/\/www.ctai.fr\/?p=1216\" aria-label=\"Read more about Le CTAI renforce son \u00e9quipe\" tabindex=\"-1\" >\n\t\t\tLire la suite \u00bb\t\t<\/a>\n\n\t\t\t\t<\/div>\n\t\t\t\t<\/article>\n\t\t\t\t<article class=\"elementor-post elementor-grid-item post-158 post type-post status-publish format-standard has-post-thumbnail hentry category-uncategorized\">\n\t\t\t\t<a class=\"elementor-post__thumbnail__link\" href=\"https:\/\/www.ctai.fr\/?p=158\" tabindex=\"-1\" >\n\t\t\t<div class=\"elementor-post__thumbnail\"><img loading=\"lazy\" decoding=\"async\" width=\"300\" height=\"201\" src=\"https:\/\/www.ctai.fr\/wp-content\/uploads\/2024\/04\/CODIAL_v18-1-300x201.jpg\" class=\"attachment-medium size-medium wp-image-1201\" alt=\"\" srcset=\"https:\/\/www.ctai.fr\/wp-content\/uploads\/2024\/04\/CODIAL_v18-1-300x201.jpg 300w, https:\/\/www.ctai.fr\/wp-content\/uploads\/2024\/04\/CODIAL_v18-1.jpg 568w\" sizes=\"(max-width: 300px) 100vw, 300px\" \/><\/div>\n\t\t<\/a>\n\t\t\t\t<div class=\"elementor-post__text\">\n\t\t\t\t<h3 class=\"elementor-post__title\">\n\t\t\t<a href=\"https:\/\/www.ctai.fr\/?p=158\" >\n\t\t\t\tNouveaut\u00e9s Codial version 18\t\t\t<\/a>\n\t\t<\/h3>\n\t\t\n\t\t<a class=\"elementor-post__read-more\" href=\"https:\/\/www.ctai.fr\/?p=158\" aria-label=\"Read more about Nouveaut\u00e9s Codial version 18\" tabindex=\"-1\" >\n\t\t\tLire la suite \u00bb\t\t<\/a>\n\n\t\t\t\t<\/div>\n\t\t\t\t<\/article>\n\t\t\t\t<article class=\"elementor-post elementor-grid-item post-157 post type-post status-publish format-standard has-post-thumbnail hentry category-uncategorized\">\n\t\t\t\t<a class=\"elementor-post__thumbnail__link\" href=\"https:\/\/www.ctai.fr\/?p=157\" tabindex=\"-1\" >\n\t\t\t<div class=\"elementor-post__thumbnail\"><img loading=\"lazy\" decoding=\"async\" width=\"300\" height=\"200\" src=\"https:\/\/www.ctai.fr\/wp-content\/uploads\/2024\/04\/logo_CEGA-300x200.jpg\" class=\"attachment-medium size-medium wp-image-1230\" alt=\"\" srcset=\"https:\/\/www.ctai.fr\/wp-content\/uploads\/2024\/04\/logo_CEGA-300x200.jpg 300w, https:\/\/www.ctai.fr\/wp-content\/uploads\/2024\/04\/logo_CEGA.jpg 400w\" sizes=\"(max-width: 300px) 100vw, 300px\" \/><\/div>\n\t\t<\/a>\n\t\t\t\t<div class=\"elementor-post__text\">\n\t\t\t\t<h3 class=\"elementor-post__title\">\n\t\t\t<a href=\"https:\/\/www.ctai.fr\/?p=157\" >\n\t\t\t\tFusion du CEGA avec le CTAI\t\t\t<\/a>\n\t\t<\/h3>\n\t\t\n\t\t<a class=\"elementor-post__read-more\" href=\"https:\/\/www.ctai.fr\/?p=157\" aria-label=\"Read more about Fusion du CEGA avec le CTAI\" tabindex=\"-1\" >\n\t\t\tLire la suite \u00bb\t\t<\/a>\n\n\t\t\t\t<\/div>\n\t\t\t\t<\/article>\n\t\t\t\t<\/div>\n\t\t\n\t\t\t\t<\/div>\n\t\t\t\t<\/div>\n\t\t\t\t\t<\/div>\n\t\t\t\t<\/div>\n\t\t\t\t<\/div>\n\t\t","protected":false},"excerpt":{"rendered":"<p>Donnez une nouvelle dimension \u00e0 votre entreprise avec le CTAI Votre sp\u00e9cialiste r\u00e9gional dans les technologies informatiques depuis 1984 Domaines de comp\u00e9tences Logiciels D\u00e9veloppement d&#8217;applications<\/p>\n","protected":false},"author":1,"featured_media":69,"parent":0,"menu_order":0,"comment_status":"closed","ping_status":"closed","template":"elementor_header_footer","meta":{"footnotes":""},"class_list":["post-46","page","type-page","status-publish","has-post-thumbnail","hentry"],"_links":{"self":[{"href":"https:\/\/www.ctai.fr\/index.php?rest_route=\/wp\/v2\/pages\/46","targetHints":{"allow":["GET"]}}],"collection":[{"href":"https:\/\/www.ctai.fr\/index.php?rest_route=\/wp\/v2\/pages"}],"about":[{"href":"https:\/\/www.ctai.fr\/index.php?rest_route=\/wp\/v2\/types\/page"}],"author":[{"embeddable":true,"href":"https:\/\/www.ctai.fr\/index.php?rest_route=\/wp\/v2\/users\/1"}],"replies":[{"embeddable":true,"href":"https:\/\/www.ctai.fr\/index.php?rest_route=%2Fwp%2Fv2%2Fcomments&post=46"}],"version-history":[{"count":125,"href":"https:\/\/www.ctai.fr\/index.php?rest_route=\/wp\/v2\/pages\/46\/revisions"}],"predecessor-version":[{"id":1380,"href":"https:\/\/www.ctai.fr\/index.php?rest_route=\/wp\/v2\/pages\/46\/revisions\/1380"}],"wp:featuredmedia":[{"embeddable":true,"href":"https:\/\/www.ctai.fr\/index.php?rest_route=\/wp\/v2\/media\/69"}],"wp:attachment":[{"href":"https:\/\/www.ctai.fr\/index.php?rest_route=%2Fwp%2Fv2%2Fmedia&parent=46"}],"curies":[{"name":"wp","href":"https:\/\/api.w.org\/{rel}","templated":true}]}}